{"id":1698,"date":"2024-09-30T23:46:40","date_gmt":"2024-09-30T21:46:40","guid":{"rendered":"https:\/\/marouflette.fr\/?page_id=1698"},"modified":"2025-11-19T12:23:09","modified_gmt":"2025-11-19T11:23:09","slug":"devis","status":"publish","type":"page","link":"https:\/\/marouflette.fr\/en\/devis\/","title":{"rendered":"Devis &amp; moodboard offert"},"content":{"rendered":"\n<h3 class=\"wp-block-heading\"><strong>Bonjour et bienvenue dans l\u2019exp\u00e9rience Marouflette !<\/strong><\/h3>\n\n\n\n<p>C\u2019est un vrai plaisir de vous accompagner dans l\u2019organisation de votre prochain \u00e9v\u00e8nement ! Pr\u00e9parez-vous \u00e0 vivre une exp\u00e9rience cr\u00e9ative, joyeuse et sans stress \u2014 tout simplement magique \ud83d\udcab<\/p>\n\n\n\n<p><em>Je reviens vers vous sous 48h pour convenir d\u2019un \u00e9change t\u00e9l\u00e9phonique personnalis\u00e9 \u2728<\/em><\/p>\n\n\n<div class=\"frm_forms  with_frm_style frm_style_style-formidable\" id=\"frm_form_2_container\" data-token=\"edeedb3c56930ebd7948d61fb05cee7d\">\n<form enctype=\"multipart\/form-data\" method=\"post\" class=\"frm-show-form \" id=\"form_devis\" data-token=\"edeedb3c56930ebd7948d61fb05cee7d\">\n<div class=\"frm_form_fields \">\n<fieldset>\n<legend class=\"frm_screen_reader\">Devis gratuit<\/legend>\r\n\r\n<div class=\"frm_fields_container\">\n<input type=\"hidden\" name=\"frm_action\" value=\"create\" \/>\n<input type=\"hidden\" name=\"form_id\" value=\"2\" \/>\n<input type=\"hidden\" name=\"frm_hide_fields_2\" id=\"frm_hide_fields_2\" value=\"\" \/>\n<input type=\"hidden\" name=\"form_key\" value=\"devis\" \/>\n<input type=\"hidden\" name=\"item_meta[0]\" value=\"\" \/>\n<input type=\"hidden\" id=\"frm_submit_entry_2\" name=\"frm_submit_entry_2\" value=\"f6b48d1468\" \/><input type=\"hidden\" name=\"_wp_http_referer\" value=\"\/en\/wp-json\/wp\/v2\/pages\/1698\" \/><div id=\"frm_field_7_container\" class=\"frm_form_field form-field  frm_required_field frm_top_container frm6 frm_first\">\r\n\t<label for=\"field_8n5ue\" id=\"field_8n5ue_label\" class=\"frm_primary_label\">Nom\r\n\t\t<span class=\"frm_required\" aria-hidden=\"true\">*<\/span>\r\n\t<\/label>\r\n\t<input type=\"text\" id=\"field_8n5ue\" name=\"item_meta[7]\" value=\"\"  data-reqmsg=\"Nom ne peut pas \u00eatre vide.\" aria-required=\"true\" data-invmsg=\"Nom est non valide\" aria-invalid=\"false\"  \/>\r\n\t\r\n\t\r\n<\/div>\n<div id=\"frm_field_8_container\" class=\"frm_form_field form-field  frm_required_field frm_top_container frm6\">\r\n\t<label for=\"field_mkez9\" id=\"field_mkez9_label\" class=\"frm_primary_label\">Pr\u00e9nom\r\n\t\t<span class=\"frm_required\" aria-hidden=\"true\">*<\/span>\r\n\t<\/label>\r\n\t<input type=\"text\" id=\"field_mkez9\" name=\"item_meta[8]\" value=\"\"  data-reqmsg=\"Pr\u00e9nom ne peut pas \u00eatre vide.\" aria-required=\"true\" data-invmsg=\"Pr\u00e9nom est non valide\" aria-invalid=\"false\"  \/>\r\n\t\r\n\t\r\n<\/div>\n<div id=\"frm_field_10_container\" class=\"frm_form_field form-field  frm_required_field frm_top_container frm6 frm_first\">\r\n\t<label for=\"field_vjhpf\" id=\"field_vjhpf_label\" class=\"frm_primary_label\">E-mail\r\n\t\t<span class=\"frm_required\" aria-hidden=\"true\">*<\/span>\r\n\t<\/label>\r\n\t<input type=\"email\" id=\"field_vjhpf\" name=\"item_meta[10]\" value=\"\"  data-reqmsg=\"E-mail ne peut pas \u00eatre vide.\" aria-required=\"true\" data-invmsg=\"E-mail est non valide\" aria-invalid=\"false\"  \/>\r\n\t\r\n\t\r\n<\/div>\n<div id=\"frm_field_11_container\" class=\"frm_form_field form-field  frm_required_field frm_top_container frm6\">\r\n\t<label for=\"field_10111a\" id=\"field_10111a_label\" class=\"frm_primary_label\">T\u00e9l\u00e9phone\r\n\t\t<span class=\"frm_required\" aria-hidden=\"true\">*<\/span>\r\n\t<\/label>\r\n\t<input type=\"tel\" id=\"field_10111a\" name=\"item_meta[11]\" value=\"\"  data-reqmsg=\"T\u00e9l\u00e9phone ne peut pas \u00eatre vide.\" aria-required=\"true\" data-invmsg=\"T\u00e9l\u00e9phone est non valide\" aria-invalid=\"false\" pattern=\"((\\+\\d{1,3}(-|.| )?\\(?\\d\\)?(-| |.)?\\d{1,5})|(\\(?\\d{2,6}\\)?))(-|.| )?(\\d{3,4})(-|.| )?(\\d{4})(( x| ext)\\d{1,5}){0,1}$\"  \/>\r\n\t\r\n\t\r\n<\/div>\n<div id=\"frm_field_99_container\" class=\"frm_form_field form-field  frm_required_field frm_top_container frm12 frm_first\">\n\t<label for=\"field_g8bio\" id=\"field_g8bio_label\" class=\"frm_primary_label\">Votre \u00e9v\u00e8nement\n\t\t<span class=\"frm_required\" aria-hidden=\"true\">*<\/span>\n\t<\/label>\n\t\t\t<select name=\"item_meta[99]\" id=\"field_g8bio\"  data-reqmsg=\"Votre \u00e9v\u00e8nement ne peut pas \u00eatre vide.\" aria-required=\"true\" data-invmsg=\"Votre \u00e9v\u00e8nement est non valide\" class=\"auto_width\" aria-invalid=\"false\"  >\n\t\t<option  value=\"Anniversaire\">Anniversaire<\/option><option  value=\"F\u00eate religieuse\">F\u00eate religieuse<\/option><option  value=\"Mariage\">Mariage<\/option><option  value=\"Babyshower\/ Gender reveal\">Babyshower\/ Gender reveal<\/option><option  value=\"Animation cr\u00e9ative\">Animation cr\u00e9ative<\/option><option  value=\"\u00c9v\u00e9nement professionnel\">\u00c9v\u00e9nement professionnel<\/option>\t<\/select>\n\t\n\t\n\t\n<\/div>\n<div id=\"frm_field_100_container\" class=\"frm_form_field form-field  frm_required_field frm_top_container frm6 frm_first\">\n\t<label for=\"field_gx9ko\" id=\"field_gx9ko_label\" class=\"frm_primary_label\">Date de l'\u00e9v\u00e9nement\n\t\t<span class=\"frm_required\" aria-hidden=\"true\">*<\/span>\n\t<\/label>\n\t<input type=\"text\" id=\"field_gx9ko\" name=\"item_meta[100]\" value=\"\"  data-reqmsg=\"Date de l&#039;\u00e9v\u00e9nement ne peut pas \u00eatre vide.\" aria-required=\"true\" data-invmsg=\"Date de l&#039;\u00e9v\u00e9nement est non valide\" aria-invalid=\"false\"  \/>\n\t\n\t\n<\/div>\n<div id=\"frm_field_102_container\" class=\"frm_form_field form-field  frm_required_field frm_top_container frm6\">\n\t<label for=\"field_mxllh\" id=\"field_mxllh_label\" class=\"frm_primary_label\">Lieu de l'\u00e9v\u00e9nement\n\t\t<span class=\"frm_required\" aria-hidden=\"true\">*<\/span>\n\t<\/label>\n\t<input type=\"text\" id=\"field_mxllh\" name=\"item_meta[102]\" value=\"\"  data-reqmsg=\"Lieu de l&#039;\u00e9v\u00e9nement ne peut pas \u00eatre vide.\" aria-required=\"true\" data-invmsg=\"Lieu de l&#039;\u00e9v\u00e9nement est non valide\" aria-invalid=\"false\"  \/>\n\t\n\t\n<\/div>\n<div id=\"frm_field_17_container\" class=\"frm_form_field form-field  frm_required_field frm_top_container frm12 frm_first\">\r\n\t<label for=\"field_nnjql\" id=\"field_nnjql_label\" class=\"frm_primary_label\">Quel est votre budget ?\r\n\t\t<span class=\"frm_required\" aria-hidden=\"true\">*<\/span>\r\n\t<\/label>\r\n\t\t\t<select name=\"item_meta[17]\" id=\"field_nnjql\"  data-reqmsg=\"Quel est votre budget ? ne peut pas \u00eatre vide.\" aria-required=\"true\" data-invmsg=\"Quel est votre budget ? est non valide\" class=\"auto_width\" aria-invalid=\"false\"  >\n\t\t<option  value=\"Entre 600 et 900\u20ac\">Entre 600 et 900\u20ac<\/option><option  value=\"Entre 900 et 2000\u20ac\">Entre 900 et 2000\u20ac<\/option><option  value=\"Entre 2000 et 3000\u20ac\">Entre 2000 et 3000\u20ac<\/option><option  value=\"Entre 3000\u20ac et 5000\u20ac\">Entre 3000\u20ac et 5000\u20ac<\/option><option  value=\"Plus de 5000\u20ac\">Plus de 5000\u20ac<\/option>\t<\/select>\n\t\r\n\t\r\n\t\r\n<\/div>\n<div id=\"frm_field_16_container\" class=\"frm_form_field form-field  frm_required_field frm_top_container m frm6 frm_first\">\r\n\t<label for=\"field_tx0py\" id=\"field_tx0py_label\" class=\"frm_primary_label\">Comment pouvons-nous vous aider \u00e0 vous faire vivre l'une de vos plus belles journ\u00e9es ?\r\n\t\t<span class=\"frm_required\" aria-hidden=\"true\">*<\/span>\r\n\t<\/label>\r\n\t<textarea name=\"item_meta[16]\" id=\"field_tx0py\" rows=\"5\"  placeholder=\"Parlez nous de votre \u00e9v\u00e8nement, de votre projet en quelques mots !\" data-reqmsg=\"Comment pouvons-nous vous aider \u00e0 vous faire vivre l&#039;une de vos plus belles journ\u00e9es ? ne peut pas \u00eatre vide.\" aria-required=\"true\" data-invmsg=\"Comment pouvons-nous vous aider \u00e0 vous faire vivre l&#039;une de vos plus belles journ\u00e9es ? is invalid\" aria-invalid=\"false\"  ><\/textarea>\r\n\t\r\n\t\r\n<\/div>\n<div id=\"frm_field_20_container\" class=\"frm_form_field form-field  frm_required_field frm_inline_container frm12\">\r\n\t<div  id=\"field_ur8ov_label\" class=\"frm_primary_label\">\r\n\t\t<span class=\"frm_required\" aria-hidden=\"true\">*<\/span>\r\n\t<\/div>\r\n\t\n<div class=\"frm_checkbox\" role=\"group\" aria-labelledby=\"frm-gdpr-accept-20\">\n\t<label for=\"frm-gdpr-accept-20\">\n\t\t<input type=\"checkbox\" aria-required=\"true\" name=\"item_meta[20]\" id=\"frm-gdpr-accept-20\" value=\"1\" \n\t\t \t\t data-reqmsg=\"This field ne peut pas \u00eatre vide.\" aria-required=\"true\" data-invmsg=\"This field is invalid\" aria-invalid=\"false\"  \t\t\/>\n\t\tJe consens \u00e0 ce que ce site web stocke les informations que j'ai fournies afin de pouvoir r\u00e9pondre \u00e0 ma demande.\t<\/label>\n<\/div>\n\r\n\t\r\n\t\r\n<\/div>\n<div id=\"frm_field_6_container\" class=\"frm_form_field form-field \">\r\n\t<div class=\"frm_submit frm_flex\">\r\n<button class=\"frm_button_submit\" type=\"submit\"  >Je demande mon devis Marouflette \ud83e\udde1<\/button>\r\n\r\n\r\n\r\n<\/div>\r\n<\/div>\n\t<input type=\"hidden\" name=\"item_key\" value=\"\" \/>\n\t\t\t<div id=\"frm_field_103_container\">\n\t\t\t<label for=\"field_rr5cl\" >\n\t\t\t\tIf you are human, leave this field blank.\t\t\t<\/label>\n\t\t\t<input  id=\"field_rr5cl\" type=\"text\" class=\"frm_form_field form-field frm_verify\" name=\"item_meta[103]\" value=\"\"  \/>\n\t\t<\/div>\n\t\t<input name=\"frm_state\" type=\"hidden\" value=\"Uw1RboV0ldyxTd9CFjbOCnqDKUNp8Euwha5+1TL+qn4=\" \/><\/div>\n<\/fieldset>\n<\/div>\n\n<p style=\"display: none !important;\" class=\"akismet-fields-container\" data-prefix=\"ak_\"><label>&#916;<textarea name=\"ak_hp_textarea\" cols=\"45\" rows=\"8\" maxlength=\"100\"><\/textarea><\/label><input type=\"hidden\" id=\"ak_js_1\" name=\"ak_js\" value=\"65\"\/><script>document.getElementById( \"ak_js_1\" ).setAttribute( \"value\", ( new Date() ).getTime() );<\/script><\/p><\/form>\n<\/div>\n\n\n\n\n<p><\/p>\n","protected":false},"excerpt":{"rendered":"<p>Bonjour et bienvenue dans l\u2019exp\u00e9rience Marouflette ! C\u2019est un vrai plaisir de vous accompagner dans l\u2019organisation de votre prochain \u00e9v\u00e8nement ! Pr\u00e9parez-vous \u00e0 vivre une exp\u00e9rience cr\u00e9ative, joyeuse et sans stress \u2014 tout simplement magique \ud83d\udcab Je reviens vers vous sous 48h pour convenir d\u2019un \u00e9change t\u00e9l\u00e9phonique personnalis\u00e9 \u2728<\/p>\n","protected":false},"author":1,"featured_media":0,"parent":0,"menu_order":0,"comment_status":"closed","ping_status":"closed","template":"","meta":{"_eb_attr":"","_monsterinsights_skip_tracking":false,"_monsterinsights_sitenote_active":false,"_monsterinsights_sitenote_note":"","_monsterinsights_sitenote_category":0,"footnotes":""},"class_list":["post-1698","page","type-page","status-publish","hentry"],"aioseo_notices":[],"_links":{"self":[{"href":"https:\/\/marouflette.fr\/en\/wp-json\/wp\/v2\/pages\/1698","targetHints":{"allow":["GET"]}}],"collection":[{"href":"https:\/\/marouflette.fr\/en\/wp-json\/wp\/v2\/pages"}],"about":[{"href":"https:\/\/marouflette.fr\/en\/wp-json\/wp\/v2\/types\/page"}],"author":[{"embeddable":true,"href":"https:\/\/marouflette.fr\/en\/wp-json\/wp\/v2\/users\/1"}],"replies":[{"embeddable":true,"href":"https:\/\/marouflette.fr\/en\/wp-json\/wp\/v2\/comments?post=1698"}],"version-history":[{"count":38,"href":"https:\/\/marouflette.fr\/en\/wp-json\/wp\/v2\/pages\/1698\/revisions"}],"predecessor-version":[{"id":3249,"href":"https:\/\/marouflette.fr\/en\/wp-json\/wp\/v2\/pages\/1698\/revisions\/3249"}],"wp:attachment":[{"href":"https:\/\/marouflette.fr\/en\/wp-json\/wp\/v2\/media?parent=1698"}],"curies":[{"name":"wp","href":"https:\/\/api.w.org\/{rel}","templated":true}]}}