{"id":2663,"date":"2025-04-29T17:46:06","date_gmt":"2025-04-29T15:46:06","guid":{"rendered":"https:\/\/marouflette.fr\/?page_id=2663"},"modified":"2025-04-30T17:55:58","modified_gmt":"2025-04-30T15:55:58","slug":"gender-reveal-delodie-nicolas","status":"publish","type":"page","link":"https:\/\/marouflette.fr\/en\/nos-prestations\/baby-shower-gender-reveal-sip-see\/gender-reveal-delodie-nicolas\/","title":{"rendered":"La douce gender reveal d&#8217;Elodie &amp; Nicolas"},"content":{"rendered":"\n<h2 class=\"wp-block-heading\"><strong>Un projet coup de c\u0153ur, tout en douceur\u2026<\/strong><\/h2>\n\n\n\n<p>Quelques images de la <strong>gender reveal d\u2019\u00c9lodie &amp; Nicolas<\/strong> \u2014 un \u00e9v\u00e9nement que j\u2019ai ador\u00e9 cr\u00e9er du d\u00e9but \u00e0 la fin. Tendresse, surprise, couleurs douces et beaucoup d\u2019amour dans l\u2019air. Merci \u00e0 eux pour leur confiance\u2026 et pour m\u2019avoir permis de faire partie de ce si joli moment \ud83d\udcab<\/p>\n\n\n\n<figure class=\"wp-block-gallery has-nested-images columns-default is-cropped wp-block-gallery-1 is-layout-flex wp-block-gallery-is-layout-flex\">\n<figure class=\"wp-block-image size-large\"><img fetchpriority=\"high\" decoding=\"async\" width=\"1024\" height=\"768\" data-id=\"2589\" src=\"https:\/\/marouflette.fr\/wp-content\/uploads\/2025\/04\/2409-Gender-EN3-1024x768.jpg\" alt=\"\" class=\"wp-image-2589\" srcset=\"https:\/\/marouflette.fr\/wp-content\/uploads\/2025\/04\/2409-Gender-EN3-1024x768.jpg 1024w, https:\/\/marouflette.fr\/wp-content\/uploads\/2025\/04\/2409-Gender-EN3-600x450.jpg 600w, https:\/\/marouflette.fr\/wp-content\/uploads\/2025\/04\/2409-Gender-EN3-300x225.jpg 300w, https:\/\/marouflette.fr\/wp-content\/uploads\/2025\/04\/2409-Gender-EN3-768x576.jpg 768w, https:\/\/marouflette.fr\/wp-content\/uploads\/2025\/04\/2409-Gender-EN3-1536x1152.jpg 1536w, https:\/\/marouflette.fr\/wp-content\/uploads\/2025\/04\/2409-Gender-EN3.jpg 2048w\" sizes=\"(max-width: 1024px) 100vw, 1024px\" \/><\/figure>\n\n\n\n<figure class=\"wp-block-image size-large\"><img decoding=\"async\" width=\"1024\" height=\"768\" data-id=\"2592\" src=\"https:\/\/marouflette.fr\/wp-content\/uploads\/2025\/04\/2409-Gender-EN-Avis2-1024x768.jpg\" alt=\"\" class=\"wp-image-2592\" srcset=\"https:\/\/marouflette.fr\/wp-content\/uploads\/2025\/04\/2409-Gender-EN-Avis2-1024x768.jpg 1024w, https:\/\/marouflette.fr\/wp-content\/uploads\/2025\/04\/2409-Gender-EN-Avis2-600x450.jpg 600w, https:\/\/marouflette.fr\/wp-content\/uploads\/2025\/04\/2409-Gender-EN-Avis2-300x225.jpg 300w, https:\/\/marouflette.fr\/wp-content\/uploads\/2025\/04\/2409-Gender-EN-Avis2-768x576.jpg 768w, https:\/\/marouflette.fr\/wp-content\/uploads\/2025\/04\/2409-Gender-EN-Avis2-1536x1152.jpg 1536w, https:\/\/marouflette.fr\/wp-content\/uploads\/2025\/04\/2409-Gender-EN-Avis2.jpg 1600w\" sizes=\"(max-width: 1024px) 100vw, 1024px\" \/><\/figure>\n\n\n\n<figure class=\"wp-block-image size-large\"><img decoding=\"async\" width=\"768\" height=\"1024\" data-id=\"2609\" src=\"https:\/\/marouflette.fr\/wp-content\/uploads\/2025\/04\/2409-Gender-EN17-768x1024.jpeg\" alt=\"\" class=\"wp-image-2609\" srcset=\"https:\/\/marouflette.fr\/wp-content\/uploads\/2025\/04\/2409-Gender-EN17-768x1024.jpeg 768w, https:\/\/marouflette.fr\/wp-content\/uploads\/2025\/04\/2409-Gender-EN17-scaled-600x800.jpeg 600w, https:\/\/marouflette.fr\/wp-content\/uploads\/2025\/04\/2409-Gender-EN17-225x300.jpeg 225w, https:\/\/marouflette.fr\/wp-content\/uploads\/2025\/04\/2409-Gender-EN17-1152x1536.jpeg 1152w, https:\/\/marouflette.fr\/wp-content\/uploads\/2025\/04\/2409-Gender-EN17-1536x2048.jpeg 1536w, https:\/\/marouflette.fr\/wp-content\/uploads\/2025\/04\/2409-Gender-EN17-scaled.jpeg 1920w\" sizes=\"(max-width: 768px) 100vw, 768px\" \/><\/figure>\n\n\n\n<figure class=\"wp-block-image size-large\"><img loading=\"lazy\" decoding=\"async\" width=\"768\" height=\"1024\" data-id=\"2599\" src=\"https:\/\/marouflette.fr\/wp-content\/uploads\/2025\/04\/2409-Gender-EN7-768x1024.jpg\" alt=\"\" class=\"wp-image-2599\" srcset=\"https:\/\/marouflette.fr\/wp-content\/uploads\/2025\/04\/2409-Gender-EN7-768x1024.jpg 768w, https:\/\/marouflette.fr\/wp-content\/uploads\/2025\/04\/2409-Gender-EN7-scaled-600x800.jpg 600w, https:\/\/marouflette.fr\/wp-content\/uploads\/2025\/04\/2409-Gender-EN7-225x300.jpg 225w, https:\/\/marouflette.fr\/wp-content\/uploads\/2025\/04\/2409-Gender-EN7-1152x1536.jpg 1152w, https:\/\/marouflette.fr\/wp-content\/uploads\/2025\/04\/2409-Gender-EN7-1536x2048.jpg 1536w, https:\/\/marouflette.fr\/wp-content\/uploads\/2025\/04\/2409-Gender-EN7-scaled.jpg 1920w\" sizes=\"(max-width: 768px) 100vw, 768px\" \/><\/figure>\n\n\n\n<figure class=\"wp-block-image size-large\"><img loading=\"lazy\" decoding=\"async\" width=\"768\" height=\"1024\" data-id=\"2593\" src=\"https:\/\/marouflette.fr\/wp-content\/uploads\/2025\/04\/2409-Gender-EN1-768x1024.jpg\" alt=\"\" class=\"wp-image-2593\" srcset=\"https:\/\/marouflette.fr\/wp-content\/uploads\/2025\/04\/2409-Gender-EN1-768x1024.jpg 768w, https:\/\/marouflette.fr\/wp-content\/uploads\/2025\/04\/2409-Gender-EN1-600x800.jpg 600w, https:\/\/marouflette.fr\/wp-content\/uploads\/2025\/04\/2409-Gender-EN1-225x300.jpg 225w, https:\/\/marouflette.fr\/wp-content\/uploads\/2025\/04\/2409-Gender-EN1-1152x1536.jpg 1152w, https:\/\/marouflette.fr\/wp-content\/uploads\/2025\/04\/2409-Gender-EN1.jpg 1200w\" sizes=\"(max-width: 768px) 100vw, 768px\" \/><\/figure>\n\n\n\n<figure class=\"wp-block-image size-large\"><img loading=\"lazy\" decoding=\"async\" width=\"768\" height=\"1024\" data-id=\"2598\" src=\"https:\/\/marouflette.fr\/wp-content\/uploads\/2025\/04\/2409-Gender-EN6-768x1024.jpg\" alt=\"\" class=\"wp-image-2598\" srcset=\"https:\/\/marouflette.fr\/wp-content\/uploads\/2025\/04\/2409-Gender-EN6-768x1024.jpg 768w, https:\/\/marouflette.fr\/wp-content\/uploads\/2025\/04\/2409-Gender-EN6-scaled-600x800.jpg 600w, https:\/\/marouflette.fr\/wp-content\/uploads\/2025\/04\/2409-Gender-EN6-225x300.jpg 225w, https:\/\/marouflette.fr\/wp-content\/uploads\/2025\/04\/2409-Gender-EN6-1152x1536.jpg 1152w, https:\/\/marouflette.fr\/wp-content\/uploads\/2025\/04\/2409-Gender-EN6-1536x2048.jpg 1536w, https:\/\/marouflette.fr\/wp-content\/uploads\/2025\/04\/2409-Gender-EN6-scaled.jpg 1920w\" sizes=\"(max-width: 768px) 100vw, 768px\" \/><\/figure>\n\n\n\n<figure class=\"wp-block-image size-large\"><img loading=\"lazy\" decoding=\"async\" width=\"768\" height=\"1024\" data-id=\"2596\" src=\"https:\/\/marouflette.fr\/wp-content\/uploads\/2025\/04\/2409-Gender-EN4-768x1024.jpg\" alt=\"\" class=\"wp-image-2596\" srcset=\"https:\/\/marouflette.fr\/wp-content\/uploads\/2025\/04\/2409-Gender-EN4-768x1024.jpg 768w, https:\/\/marouflette.fr\/wp-content\/uploads\/2025\/04\/2409-Gender-EN4-scaled-600x800.jpg 600w, https:\/\/marouflette.fr\/wp-content\/uploads\/2025\/04\/2409-Gender-EN4-225x300.jpg 225w, https:\/\/marouflette.fr\/wp-content\/uploads\/2025\/04\/2409-Gender-EN4-1152x1536.jpg 1152w, https:\/\/marouflette.fr\/wp-content\/uploads\/2025\/04\/2409-Gender-EN4-1536x2048.jpg 1536w, https:\/\/marouflette.fr\/wp-content\/uploads\/2025\/04\/2409-Gender-EN4-scaled.jpg 1920w\" sizes=\"(max-width: 768px) 100vw, 768px\" \/><\/figure>\n\n\n\n<figure class=\"wp-block-image size-large\"><img loading=\"lazy\" decoding=\"async\" width=\"768\" height=\"1024\" data-id=\"2597\" src=\"https:\/\/marouflette.fr\/wp-content\/uploads\/2025\/04\/2409-Gender-EN5-768x1024.jpg\" alt=\"\" class=\"wp-image-2597\" srcset=\"https:\/\/marouflette.fr\/wp-content\/uploads\/2025\/04\/2409-Gender-EN5-768x1024.jpg 768w, https:\/\/marouflette.fr\/wp-content\/uploads\/2025\/04\/2409-Gender-EN5-scaled-600x800.jpg 600w, https:\/\/marouflette.fr\/wp-content\/uploads\/2025\/04\/2409-Gender-EN5-225x300.jpg 225w, https:\/\/marouflette.fr\/wp-content\/uploads\/2025\/04\/2409-Gender-EN5-1152x1536.jpg 1152w, https:\/\/marouflette.fr\/wp-content\/uploads\/2025\/04\/2409-Gender-EN5-1536x2048.jpg 1536w, https:\/\/marouflette.fr\/wp-content\/uploads\/2025\/04\/2409-Gender-EN5-scaled.jpg 1920w\" sizes=\"(max-width: 768px) 100vw, 768px\" \/><\/figure>\n\n\n\n<figure class=\"wp-block-image size-large\"><img loading=\"lazy\" decoding=\"async\" width=\"768\" height=\"1024\" data-id=\"2604\" src=\"https:\/\/marouflette.fr\/wp-content\/uploads\/2025\/04\/2409-Gender-EN12-768x1024.jpg\" alt=\"\" class=\"wp-image-2604\" srcset=\"https:\/\/marouflette.fr\/wp-content\/uploads\/2025\/04\/2409-Gender-EN12-768x1024.jpg 768w, https:\/\/marouflette.fr\/wp-content\/uploads\/2025\/04\/2409-Gender-EN12-scaled-600x800.jpg 600w, https:\/\/marouflette.fr\/wp-content\/uploads\/2025\/04\/2409-Gender-EN12-225x300.jpg 225w, https:\/\/marouflette.fr\/wp-content\/uploads\/2025\/04\/2409-Gender-EN12-1152x1536.jpg 1152w, https:\/\/marouflette.fr\/wp-content\/uploads\/2025\/04\/2409-Gender-EN12-1536x2048.jpg 1536w, https:\/\/marouflette.fr\/wp-content\/uploads\/2025\/04\/2409-Gender-EN12-scaled.jpg 1920w\" sizes=\"(max-width: 768px) 100vw, 768px\" \/><\/figure>\n\n\n\n<figure class=\"wp-block-image size-large\"><img loading=\"lazy\" decoding=\"async\" width=\"768\" height=\"1024\" data-id=\"2602\" src=\"https:\/\/marouflette.fr\/wp-content\/uploads\/2025\/04\/2409-Gender-EN10-768x1024.jpg\" alt=\"\" class=\"wp-image-2602\" srcset=\"https:\/\/marouflette.fr\/wp-content\/uploads\/2025\/04\/2409-Gender-EN10-768x1024.jpg 768w, https:\/\/marouflette.fr\/wp-content\/uploads\/2025\/04\/2409-Gender-EN10-scaled-600x800.jpg 600w, https:\/\/marouflette.fr\/wp-content\/uploads\/2025\/04\/2409-Gender-EN10-225x300.jpg 225w, https:\/\/marouflette.fr\/wp-content\/uploads\/2025\/04\/2409-Gender-EN10-1152x1536.jpg 1152w, https:\/\/marouflette.fr\/wp-content\/uploads\/2025\/04\/2409-Gender-EN10-1536x2048.jpg 1536w, https:\/\/marouflette.fr\/wp-content\/uploads\/2025\/04\/2409-Gender-EN10-scaled.jpg 1920w\" sizes=\"(max-width: 768px) 100vw, 768px\" \/><\/figure>\n\n\n\n<figure class=\"wp-block-image size-large\"><img loading=\"lazy\" decoding=\"async\" width=\"768\" height=\"1024\" data-id=\"2607\" src=\"https:\/\/marouflette.fr\/wp-content\/uploads\/2025\/04\/2409-Gender-EN15-768x1024.jpg\" alt=\"\" class=\"wp-image-2607\" srcset=\"https:\/\/marouflette.fr\/wp-content\/uploads\/2025\/04\/2409-Gender-EN15-768x1024.jpg 768w, https:\/\/marouflette.fr\/wp-content\/uploads\/2025\/04\/2409-Gender-EN15-scaled-600x800.jpg 600w, https:\/\/marouflette.fr\/wp-content\/uploads\/2025\/04\/2409-Gender-EN15-225x300.jpg 225w, https:\/\/marouflette.fr\/wp-content\/uploads\/2025\/04\/2409-Gender-EN15-1152x1536.jpg 1152w, https:\/\/marouflette.fr\/wp-content\/uploads\/2025\/04\/2409-Gender-EN15-1536x2048.jpg 1536w, https:\/\/marouflette.fr\/wp-content\/uploads\/2025\/04\/2409-Gender-EN15-scaled.jpg 1920w\" sizes=\"(max-width: 768px) 100vw, 768px\" \/><\/figure>\n\n\n\n<figure class=\"wp-block-image size-large\"><img loading=\"lazy\" decoding=\"async\" width=\"768\" height=\"1024\" data-id=\"2605\" src=\"https:\/\/marouflette.fr\/wp-content\/uploads\/2025\/04\/2409-Gender-EN13-768x1024.jpg\" alt=\"\" class=\"wp-image-2605\" srcset=\"https:\/\/marouflette.fr\/wp-content\/uploads\/2025\/04\/2409-Gender-EN13-768x1024.jpg 768w, https:\/\/marouflette.fr\/wp-content\/uploads\/2025\/04\/2409-Gender-EN13-scaled-600x800.jpg 600w, https:\/\/marouflette.fr\/wp-content\/uploads\/2025\/04\/2409-Gender-EN13-225x300.jpg 225w, https:\/\/marouflette.fr\/wp-content\/uploads\/2025\/04\/2409-Gender-EN13-1152x1536.jpg 1152w, https:\/\/marouflette.fr\/wp-content\/uploads\/2025\/04\/2409-Gender-EN13-1536x2048.jpg 1536w, https:\/\/marouflette.fr\/wp-content\/uploads\/2025\/04\/2409-Gender-EN13-scaled.jpg 1920w\" sizes=\"(max-width: 768px) 100vw, 768px\" \/><\/figure>\n\n\n\n<figure class=\"wp-block-image size-large\"><img loading=\"lazy\" decoding=\"async\" width=\"768\" height=\"1024\" data-id=\"2608\" src=\"https:\/\/marouflette.fr\/wp-content\/uploads\/2025\/04\/2409-Gender-EN16-768x1024.jpg\" alt=\"\" class=\"wp-image-2608\" srcset=\"https:\/\/marouflette.fr\/wp-content\/uploads\/2025\/04\/2409-Gender-EN16-768x1024.jpg 768w, https:\/\/marouflette.fr\/wp-content\/uploads\/2025\/04\/2409-Gender-EN16-scaled-600x800.jpg 600w, https:\/\/marouflette.fr\/wp-content\/uploads\/2025\/04\/2409-Gender-EN16-225x300.jpg 225w, https:\/\/marouflette.fr\/wp-content\/uploads\/2025\/04\/2409-Gender-EN16-1152x1536.jpg 1152w, https:\/\/marouflette.fr\/wp-content\/uploads\/2025\/04\/2409-Gender-EN16-1536x2048.jpg 1536w, https:\/\/marouflette.fr\/wp-content\/uploads\/2025\/04\/2409-Gender-EN16-scaled.jpg 1920w\" sizes=\"(max-width: 768px) 100vw, 768px\" \/><\/figure>\n\n\n\n<figure class=\"wp-block-image size-large\"><img loading=\"lazy\" decoding=\"async\" width=\"768\" height=\"1024\" data-id=\"2601\" src=\"https:\/\/marouflette.fr\/wp-content\/uploads\/2025\/04\/2409-Gender-EN9-768x1024.jpg\" alt=\"\" class=\"wp-image-2601\" srcset=\"https:\/\/marouflette.fr\/wp-content\/uploads\/2025\/04\/2409-Gender-EN9-768x1024.jpg 768w, https:\/\/marouflette.fr\/wp-content\/uploads\/2025\/04\/2409-Gender-EN9-scaled-600x800.jpg 600w, https:\/\/marouflette.fr\/wp-content\/uploads\/2025\/04\/2409-Gender-EN9-225x300.jpg 225w, https:\/\/marouflette.fr\/wp-content\/uploads\/2025\/04\/2409-Gender-EN9-1152x1536.jpg 1152w, https:\/\/marouflette.fr\/wp-content\/uploads\/2025\/04\/2409-Gender-EN9-1536x2048.jpg 1536w, https:\/\/marouflette.fr\/wp-content\/uploads\/2025\/04\/2409-Gender-EN9-scaled.jpg 1920w\" sizes=\"(max-width: 768px) 100vw, 768px\" \/><\/figure>\n<\/figure>\n\n\n\n<div style=\"height:20px\"><\/div>\n\n\n\n<div class=\"wp-block-buttons is-content-justification-right is-layout-flex wp-container-core-buttons-is-layout-765c4724 wp-block-buttons-is-layout-flex\">\n<div class=\"wp-block-button is-style-outline is-style-outline--2\"><a class=\"wp-block-button__link wp-element-button\" href=\"https:\/\/marouflette.fr\/nos-prestations\/baby-shower-gender-reveal-sip-see\/\">Retour<\/a><\/div>\n<\/div>\n\n\n\n<p><\/p>\n","protected":false},"excerpt":{"rendered":"<p>Un projet coup de c\u0153ur, tout en douceur\u2026 Quelques images de la gender reveal d\u2019\u00c9lodie &amp; Nicolas \u2014 un \u00e9v\u00e9nement que j\u2019ai ador\u00e9 cr\u00e9er du d\u00e9but \u00e0 la fin. Tendresse, surprise, couleurs douces et beaucoup d\u2019amour dans l\u2019air. Merci \u00e0 eux pour leur confiance\u2026 et pour m\u2019avoir permis de faire partie de ce si joli moment \ud83d\udcab<\/p>\n","protected":false},"author":1,"featured_media":2593,"parent":2587,"menu_order":0,"comment_status":"closed","ping_status":"closed","template":"template-full-width.php","meta":{"_eb_attr":"","_monsterinsights_skip_tracking":false,"_monsterinsights_sitenote_active":false,"_monsterinsights_sitenote_note":"","_monsterinsights_sitenote_category":0,"footnotes":""},"class_list":["post-2663","page","type-page","status-publish","has-post-thumbnail","hentry"],"aioseo_notices":[],"_links":{"self":[{"href":"https:\/\/marouflette.fr\/en\/wp-json\/wp\/v2\/pages\/2663","targetHints":{"allow":["GET"]}}],"collection":[{"href":"https:\/\/marouflette.fr\/en\/wp-json\/wp\/v2\/pages"}],"about":[{"href":"https:\/\/marouflette.fr\/en\/wp-json\/wp\/v2\/types\/page"}],"author":[{"embeddable":true,"href":"https:\/\/marouflette.fr\/en\/wp-json\/wp\/v2\/users\/1"}],"replies":[{"embeddable":true,"href":"https:\/\/marouflette.fr\/en\/wp-json\/wp\/v2\/comments?post=2663"}],"version-history":[{"count":5,"href":"https:\/\/marouflette.fr\/en\/wp-json\/wp\/v2\/pages\/2663\/revisions"}],"predecessor-version":[{"id":2774,"href":"https:\/\/marouflette.fr\/en\/wp-json\/wp\/v2\/pages\/2663\/revisions\/2774"}],"up":[{"embeddable":true,"href":"https:\/\/marouflette.fr\/en\/wp-json\/wp\/v2\/pages\/2587"}],"wp:featuredmedia":[{"embeddable":true,"href":"https:\/\/marouflette.fr\/en\/wp-json\/wp\/v2\/media\/2593"}],"wp:attachment":[{"href":"https:\/\/marouflette.fr\/en\/wp-json\/wp\/v2\/media?parent=2663"}],"curies":[{"name":"wp","href":"https:\/\/api.w.org\/{rel}","templated":true}]}}