{"id":2775,"date":"2025-04-30T18:08:23","date_gmt":"2025-04-30T16:08:23","guid":{"rendered":"https:\/\/marouflette.fr\/?page_id=2775"},"modified":"2025-04-30T19:15:49","modified_gmt":"2025-04-30T17:15:49","slug":"un-bapteme-mix-pour-frere-et-soeur","status":"publish","type":"page","link":"https:\/\/marouflette.fr\/en\/nos-prestations\/une-deco-unique-pour-vos-evenements-religieux\/un-bapteme-mix-pour-frere-et-soeur\/","title":{"rendered":"Le Bapt\u00eame d&#8217;Alba et Milan |\u00a0Tendresse pastel en duo"},"content":{"rendered":"\n<h2 class=\"wp-block-heading\"><strong>Deux enfants, une m\u00eame c\u00e9l\u00e9bration pleine de tendresse <\/strong><\/h2>\n\n\n\n<p>Pour ce joli bapt\u00eame de fr\u00e8re &amp; s\u0153ur, j\u2019ai imagin\u00e9 une d\u00e9coration tout en douceur. Pour cette journ\u00e9e, j\u2019ai choisi des <strong>couleurs tendres<\/strong>, des d\u00e9tails d\u00e9licats, et bien s\u00fbr\u2026 une petite dose de <strong>magie Marouflette<\/strong>. Un moment de partage en famille, rempli d\u2019amour, de rires\u2026 Merci \u00e0 cette adorable famille pour leur confiance \ud83e\udd0d<\/p>\n\n\n\n<figure class=\"wp-block-gallery has-nested-images columns-default is-cropped wp-block-gallery-1 is-layout-flex wp-block-gallery-is-layout-flex\">\n<figure class=\"wp-block-image size-large\"><img fetchpriority=\"high\" decoding=\"async\" width=\"768\" height=\"1024\" data-id=\"2718\" src=\"https:\/\/marouflette.fr\/wp-content\/uploads\/2025\/04\/2406-Bapteme-AlbaMilan6-768x1024.jpg\" alt=\"\" class=\"wp-image-2718\" srcset=\"https:\/\/marouflette.fr\/wp-content\/uploads\/2025\/04\/2406-Bapteme-AlbaMilan6-768x1024.jpg 768w, https:\/\/marouflette.fr\/wp-content\/uploads\/2025\/04\/2406-Bapteme-AlbaMilan6-225x300.jpg 225w, https:\/\/marouflette.fr\/wp-content\/uploads\/2025\/04\/2406-Bapteme-AlbaMilan6-1152x1536.jpg 1152w, https:\/\/marouflette.fr\/wp-content\/uploads\/2025\/04\/2406-Bapteme-AlbaMilan6-1536x2048.jpg 1536w, https:\/\/marouflette.fr\/wp-content\/uploads\/2025\/04\/2406-Bapteme-AlbaMilan6-600x800.jpg 600w, https:\/\/marouflette.fr\/wp-content\/uploads\/2025\/04\/2406-Bapteme-AlbaMilan6-scaled.jpg 1920w\" sizes=\"(max-width: 768px) 100vw, 768px\" \/><\/figure>\n\n\n\n<figure class=\"wp-block-image size-large\"><img decoding=\"async\" width=\"768\" height=\"1024\" data-id=\"2722\" src=\"https:\/\/marouflette.fr\/wp-content\/uploads\/2025\/04\/2406-Bapteme-AlbaMilan10-768x1024.jpg\" alt=\"\" class=\"wp-image-2722\" srcset=\"https:\/\/marouflette.fr\/wp-content\/uploads\/2025\/04\/2406-Bapteme-AlbaMilan10-768x1024.jpg 768w, https:\/\/marouflette.fr\/wp-content\/uploads\/2025\/04\/2406-Bapteme-AlbaMilan10-225x300.jpg 225w, https:\/\/marouflette.fr\/wp-content\/uploads\/2025\/04\/2406-Bapteme-AlbaMilan10-1152x1536.jpg 1152w, https:\/\/marouflette.fr\/wp-content\/uploads\/2025\/04\/2406-Bapteme-AlbaMilan10-1536x2048.jpg 1536w, https:\/\/marouflette.fr\/wp-content\/uploads\/2025\/04\/2406-Bapteme-AlbaMilan10-600x800.jpg 600w, https:\/\/marouflette.fr\/wp-content\/uploads\/2025\/04\/2406-Bapteme-AlbaMilan10-scaled.jpg 1920w\" sizes=\"(max-width: 768px) 100vw, 768px\" \/><\/figure>\n\n\n\n<figure class=\"wp-block-image size-large\"><img decoding=\"async\" width=\"768\" height=\"1024\" data-id=\"2719\" src=\"https:\/\/marouflette.fr\/wp-content\/uploads\/2025\/04\/2406-Bapteme-AlbaMilan7-768x1024.jpg\" alt=\"\" class=\"wp-image-2719\" srcset=\"https:\/\/marouflette.fr\/wp-content\/uploads\/2025\/04\/2406-Bapteme-AlbaMilan7-768x1024.jpg 768w, https:\/\/marouflette.fr\/wp-content\/uploads\/2025\/04\/2406-Bapteme-AlbaMilan7-225x300.jpg 225w, https:\/\/marouflette.fr\/wp-content\/uploads\/2025\/04\/2406-Bapteme-AlbaMilan7-1152x1536.jpg 1152w, https:\/\/marouflette.fr\/wp-content\/uploads\/2025\/04\/2406-Bapteme-AlbaMilan7-1536x2048.jpg 1536w, https:\/\/marouflette.fr\/wp-content\/uploads\/2025\/04\/2406-Bapteme-AlbaMilan7-600x800.jpg 600w, https:\/\/marouflette.fr\/wp-content\/uploads\/2025\/04\/2406-Bapteme-AlbaMilan7-scaled.jpg 1920w\" sizes=\"(max-width: 768px) 100vw, 768px\" \/><\/figure>\n\n\n\n<figure class=\"wp-block-image size-large\"><img loading=\"lazy\" decoding=\"async\" width=\"768\" height=\"1024\" data-id=\"2717\" src=\"https:\/\/marouflette.fr\/wp-content\/uploads\/2025\/04\/2406-Bapteme-AlbaMilan5-768x1024.jpg\" alt=\"\" class=\"wp-image-2717\" srcset=\"https:\/\/marouflette.fr\/wp-content\/uploads\/2025\/04\/2406-Bapteme-AlbaMilan5-768x1024.jpg 768w, https:\/\/marouflette.fr\/wp-content\/uploads\/2025\/04\/2406-Bapteme-AlbaMilan5-225x300.jpg 225w, https:\/\/marouflette.fr\/wp-content\/uploads\/2025\/04\/2406-Bapteme-AlbaMilan5-1152x1536.jpg 1152w, https:\/\/marouflette.fr\/wp-content\/uploads\/2025\/04\/2406-Bapteme-AlbaMilan5-1536x2048.jpg 1536w, https:\/\/marouflette.fr\/wp-content\/uploads\/2025\/04\/2406-Bapteme-AlbaMilan5-600x800.jpg 600w, https:\/\/marouflette.fr\/wp-content\/uploads\/2025\/04\/2406-Bapteme-AlbaMilan5-scaled.jpg 1920w\" sizes=\"(max-width: 768px) 100vw, 768px\" \/><\/figure>\n\n\n\n<figure class=\"wp-block-image size-large\"><img loading=\"lazy\" decoding=\"async\" width=\"1024\" height=\"768\" data-id=\"2714\" src=\"https:\/\/marouflette.fr\/wp-content\/uploads\/2025\/04\/2406-Bapteme-AlbaMilan2-1024x768.jpg\" alt=\"\" class=\"wp-image-2714\" srcset=\"https:\/\/marouflette.fr\/wp-content\/uploads\/2025\/04\/2406-Bapteme-AlbaMilan2-1024x768.jpg 1024w, https:\/\/marouflette.fr\/wp-content\/uploads\/2025\/04\/2406-Bapteme-AlbaMilan2-300x225.jpg 300w, https:\/\/marouflette.fr\/wp-content\/uploads\/2025\/04\/2406-Bapteme-AlbaMilan2-768x576.jpg 768w, https:\/\/marouflette.fr\/wp-content\/uploads\/2025\/04\/2406-Bapteme-AlbaMilan2-1536x1152.jpg 1536w, https:\/\/marouflette.fr\/wp-content\/uploads\/2025\/04\/2406-Bapteme-AlbaMilan2-2048x1536.jpg 2048w, https:\/\/marouflette.fr\/wp-content\/uploads\/2025\/04\/2406-Bapteme-AlbaMilan2-600x450.jpg 600w\" sizes=\"(max-width: 1024px) 100vw, 1024px\" \/><\/figure>\n\n\n\n<figure class=\"wp-block-image size-large\"><img loading=\"lazy\" decoding=\"async\" width=\"768\" height=\"1024\" data-id=\"2713\" src=\"https:\/\/marouflette.fr\/wp-content\/uploads\/2025\/04\/2406-Bapteme-AlbaMilan1-768x1024.jpg\" alt=\"\" class=\"wp-image-2713\" srcset=\"https:\/\/marouflette.fr\/wp-content\/uploads\/2025\/04\/2406-Bapteme-AlbaMilan1-768x1024.jpg 768w, https:\/\/marouflette.fr\/wp-content\/uploads\/2025\/04\/2406-Bapteme-AlbaMilan1-225x300.jpg 225w, https:\/\/marouflette.fr\/wp-content\/uploads\/2025\/04\/2406-Bapteme-AlbaMilan1-1152x1536.jpg 1152w, https:\/\/marouflette.fr\/wp-content\/uploads\/2025\/04\/2406-Bapteme-AlbaMilan1-1536x2048.jpg 1536w, https:\/\/marouflette.fr\/wp-content\/uploads\/2025\/04\/2406-Bapteme-AlbaMilan1-600x800.jpg 600w, https:\/\/marouflette.fr\/wp-content\/uploads\/2025\/04\/2406-Bapteme-AlbaMilan1-scaled.jpg 1920w\" sizes=\"(max-width: 768px) 100vw, 768px\" \/><\/figure>\n\n\n\n<figure class=\"wp-block-image size-large\"><img loading=\"lazy\" decoding=\"async\" width=\"768\" height=\"1024\" data-id=\"2727\" src=\"https:\/\/marouflette.fr\/wp-content\/uploads\/2025\/04\/2406-Bapteme-AlbaMilan15-768x1024.jpg\" alt=\"\" class=\"wp-image-2727\" srcset=\"https:\/\/marouflette.fr\/wp-content\/uploads\/2025\/04\/2406-Bapteme-AlbaMilan15-768x1024.jpg 768w, https:\/\/marouflette.fr\/wp-content\/uploads\/2025\/04\/2406-Bapteme-AlbaMilan15-225x300.jpg 225w, https:\/\/marouflette.fr\/wp-content\/uploads\/2025\/04\/2406-Bapteme-AlbaMilan15-1152x1536.jpg 1152w, https:\/\/marouflette.fr\/wp-content\/uploads\/2025\/04\/2406-Bapteme-AlbaMilan15-1536x2048.jpg 1536w, https:\/\/marouflette.fr\/wp-content\/uploads\/2025\/04\/2406-Bapteme-AlbaMilan15-600x800.jpg 600w, https:\/\/marouflette.fr\/wp-content\/uploads\/2025\/04\/2406-Bapteme-AlbaMilan15-scaled.jpg 1920w\" sizes=\"(max-width: 768px) 100vw, 768px\" \/><\/figure>\n\n\n\n<figure class=\"wp-block-image size-large\"><img loading=\"lazy\" decoding=\"async\" width=\"768\" height=\"1024\" data-id=\"2729\" src=\"https:\/\/marouflette.fr\/wp-content\/uploads\/2025\/04\/2406-Bapteme-AlbaMilan17-768x1024.jpg\" alt=\"\" class=\"wp-image-2729\" srcset=\"https:\/\/marouflette.fr\/wp-content\/uploads\/2025\/04\/2406-Bapteme-AlbaMilan17-768x1024.jpg 768w, https:\/\/marouflette.fr\/wp-content\/uploads\/2025\/04\/2406-Bapteme-AlbaMilan17-225x300.jpg 225w, https:\/\/marouflette.fr\/wp-content\/uploads\/2025\/04\/2406-Bapteme-AlbaMilan17-1152x1536.jpg 1152w, https:\/\/marouflette.fr\/wp-content\/uploads\/2025\/04\/2406-Bapteme-AlbaMilan17-1536x2048.jpg 1536w, https:\/\/marouflette.fr\/wp-content\/uploads\/2025\/04\/2406-Bapteme-AlbaMilan17-600x800.jpg 600w, https:\/\/marouflette.fr\/wp-content\/uploads\/2025\/04\/2406-Bapteme-AlbaMilan17-scaled.jpg 1920w\" sizes=\"(max-width: 768px) 100vw, 768px\" \/><\/figure>\n\n\n\n<figure class=\"wp-block-image size-large\"><img loading=\"lazy\" decoding=\"async\" width=\"768\" height=\"1024\" data-id=\"2731\" src=\"https:\/\/marouflette.fr\/wp-content\/uploads\/2025\/04\/2406-Bapteme-AlbaMilan19-768x1024.jpg\" alt=\"\" class=\"wp-image-2731\" srcset=\"https:\/\/marouflette.fr\/wp-content\/uploads\/2025\/04\/2406-Bapteme-AlbaMilan19-768x1024.jpg 768w, https:\/\/marouflette.fr\/wp-content\/uploads\/2025\/04\/2406-Bapteme-AlbaMilan19-225x300.jpg 225w, https:\/\/marouflette.fr\/wp-content\/uploads\/2025\/04\/2406-Bapteme-AlbaMilan19-1152x1536.jpg 1152w, https:\/\/marouflette.fr\/wp-content\/uploads\/2025\/04\/2406-Bapteme-AlbaMilan19-1536x2048.jpg 1536w, https:\/\/marouflette.fr\/wp-content\/uploads\/2025\/04\/2406-Bapteme-AlbaMilan19-600x800.jpg 600w, https:\/\/marouflette.fr\/wp-content\/uploads\/2025\/04\/2406-Bapteme-AlbaMilan19-scaled.jpg 1920w\" sizes=\"(max-width: 768px) 100vw, 768px\" \/><\/figure>\n\n\n\n<figure class=\"wp-block-image size-large\"><img loading=\"lazy\" decoding=\"async\" width=\"1024\" height=\"768\" data-id=\"2724\" src=\"https:\/\/marouflette.fr\/wp-content\/uploads\/2025\/04\/2406-Bapteme-AlbaMilan12-1024x768.jpg\" alt=\"\" class=\"wp-image-2724\" srcset=\"https:\/\/marouflette.fr\/wp-content\/uploads\/2025\/04\/2406-Bapteme-AlbaMilan12-1024x768.jpg 1024w, https:\/\/marouflette.fr\/wp-content\/uploads\/2025\/04\/2406-Bapteme-AlbaMilan12-300x225.jpg 300w, https:\/\/marouflette.fr\/wp-content\/uploads\/2025\/04\/2406-Bapteme-AlbaMilan12-768x576.jpg 768w, https:\/\/marouflette.fr\/wp-content\/uploads\/2025\/04\/2406-Bapteme-AlbaMilan12-1536x1152.jpg 1536w, https:\/\/marouflette.fr\/wp-content\/uploads\/2025\/04\/2406-Bapteme-AlbaMilan12-2048x1536.jpg 2048w, https:\/\/marouflette.fr\/wp-content\/uploads\/2025\/04\/2406-Bapteme-AlbaMilan12-600x450.jpg 600w\" sizes=\"(max-width: 1024px) 100vw, 1024px\" \/><\/figure>\n\n\n\n<figure class=\"wp-block-image size-large\"><img loading=\"lazy\" decoding=\"async\" width=\"768\" height=\"1024\" data-id=\"2732\" src=\"https:\/\/marouflette.fr\/wp-content\/uploads\/2025\/04\/2406-Bapteme-AlbaMilan20-768x1024.jpg\" alt=\"\" class=\"wp-image-2732\" srcset=\"https:\/\/marouflette.fr\/wp-content\/uploads\/2025\/04\/2406-Bapteme-AlbaMilan20-768x1024.jpg 768w, https:\/\/marouflette.fr\/wp-content\/uploads\/2025\/04\/2406-Bapteme-AlbaMilan20-225x300.jpg 225w, https:\/\/marouflette.fr\/wp-content\/uploads\/2025\/04\/2406-Bapteme-AlbaMilan20-1152x1536.jpg 1152w, https:\/\/marouflette.fr\/wp-content\/uploads\/2025\/04\/2406-Bapteme-AlbaMilan20-1536x2048.jpg 1536w, https:\/\/marouflette.fr\/wp-content\/uploads\/2025\/04\/2406-Bapteme-AlbaMilan20-600x800.jpg 600w, https:\/\/marouflette.fr\/wp-content\/uploads\/2025\/04\/2406-Bapteme-AlbaMilan20-scaled.jpg 1920w\" sizes=\"(max-width: 768px) 100vw, 768px\" \/><\/figure>\n<\/figure>\n\n\n\n<div style=\"height:20px\"><\/div>\n\n\n\n<div class=\"wp-block-buttons has-custom-font-size has-small-font-size is-content-justification-right is-layout-flex wp-container-core-buttons-is-layout-765c4724 wp-block-buttons-is-layout-flex\">\n<div class=\"wp-block-button is-style-outline is-style-outline--2\"><a class=\"wp-block-button__link wp-element-button\" href=\"https:\/\/marouflette.fr\/nos-prestations\/une-deco-unique-pour-vos-evenements-religieux\/\">Retour<\/a><\/div>\n<\/div>\n\n\n\n<p><\/p>\n","protected":false},"excerpt":{"rendered":"<p>Deux enfants, une m\u00eame c\u00e9l\u00e9bration pleine de tendresse Pour ce joli bapt\u00eame de fr\u00e8re &amp; s\u0153ur, j\u2019ai imagin\u00e9 une d\u00e9coration tout en douceur. Pour cette journ\u00e9e, j\u2019ai choisi des couleurs tendres, des d\u00e9tails d\u00e9licats, et bien s\u00fbr\u2026 une petite dose de magie Marouflette. Un moment de partage en famille, rempli d\u2019amour, de rires\u2026 Merci \u00e0 cette adorable famille pour leur confiance \ud83e\udd0d<\/p>\n","protected":false},"author":1,"featured_media":2726,"parent":2687,"menu_order":0,"comment_status":"closed","ping_status":"closed","template":"template-full-width.php","meta":{"_eb_attr":"","_monsterinsights_skip_tracking":false,"_monsterinsights_sitenote_active":false,"_monsterinsights_sitenote_note":"","_monsterinsights_sitenote_category":0,"footnotes":""},"class_list":["post-2775","page","type-page","status-publish","has-post-thumbnail","hentry"],"aioseo_notices":[],"_links":{"self":[{"href":"https:\/\/marouflette.fr\/en\/wp-json\/wp\/v2\/pages\/2775","targetHints":{"allow":["GET"]}}],"collection":[{"href":"https:\/\/marouflette.fr\/en\/wp-json\/wp\/v2\/pages"}],"about":[{"href":"https:\/\/marouflette.fr\/en\/wp-json\/wp\/v2\/types\/page"}],"author":[{"embeddable":true,"href":"https:\/\/marouflette.fr\/en\/wp-json\/wp\/v2\/users\/1"}],"replies":[{"embeddable":true,"href":"https:\/\/marouflette.fr\/en\/wp-json\/wp\/v2\/comments?post=2775"}],"version-history":[{"count":8,"href":"https:\/\/marouflette.fr\/en\/wp-json\/wp\/v2\/pages\/2775\/revisions"}],"predecessor-version":[{"id":2824,"href":"https:\/\/marouflette.fr\/en\/wp-json\/wp\/v2\/pages\/2775\/revisions\/2824"}],"up":[{"embeddable":true,"href":"https:\/\/marouflette.fr\/en\/wp-json\/wp\/v2\/pages\/2687"}],"wp:featuredmedia":[{"embeddable":true,"href":"https:\/\/marouflette.fr\/en\/wp-json\/wp\/v2\/media\/2726"}],"wp:attachment":[{"href":"https:\/\/marouflette.fr\/en\/wp-json\/wp\/v2\/media?parent=2775"}],"curies":[{"name":"wp","href":"https:\/\/api.w.org\/{rel}","templated":true}]}}