{"id":3007,"date":"2025-05-22T13:10:29","date_gmt":"2025-05-22T11:10:29","guid":{"rendered":"https:\/\/marouflette.fr\/?page_id=3007"},"modified":"2026-02-19T10:04:54","modified_gmt":"2026-02-19T09:04:54","slug":"notre-deco-chasse-aux-oeufs-pour-la-mairie-de-clichy","status":"publish","type":"page","link":"https:\/\/marouflette.fr\/en\/evenements-professionnels\/notre-deco-chasse-aux-oeufs-pour-la-mairie-de-clichy\/","title":{"rendered":"Notre d\u00e9coration &#8220;chasse aux oeufs&#8221;"},"content":{"rendered":"\n<h2 class=\"wp-block-heading\"><strong>Un vent de couleurs pour la Mairie de Clichy !<\/strong><\/h2>\n\n\n\n<p><strong><span style=\"text-decoration: underline;\"><a href=\"https:\/\/www.ville-clichy.fr\/reportage\/601\/23-chasse-aux-oeufs-des-super-heros-2025.htm\" target=\"_blank\" rel=\"noopener\" title=\"\">Pour c\u00e9l\u00e9brer la traditionnelle chasse aux \u0153ufs<\/a><\/span><\/strong>, la Mairie de Clichy m\u2019a confi\u00e9 la sc\u00e9nographie de l\u2019\u00e9v\u00e9nement\u2026 et quel bonheur de pouvoir laisser libre cours \u00e0 ma cr\u00e9ativit\u00e9 pour imaginer un d\u00e9cor aussi festif que joyeux !<\/p>\n\n\n\n<p>De la proposition de maquette jusqu\u2019\u00e0 l\u2019installation finale, ce projet a \u00e9t\u00e9 un v\u00e9ritable coup de c\u0153ur.<br>\ud83c\udfa8 <strong>6 arches color\u00e9es<\/strong> ont pris place sur le parcours, chacune d\u00e9cor\u00e9e de ballons et de petits clins d\u2019\u0153il au th\u00e8me <strong>super-h\u00e9ros<\/strong> version printani\u00e8re&#8230; et pour marquer le d\u00e9part de cette aventure familiale : une <strong>arche monumentale<\/strong> d\u2019entr\u00e9e, pens\u00e9e comme une porte vers un moment magique \u2728<\/p>\n\n\n\n<p>Une belle collaboration, un projet haut en couleurs, et des r\u00e9actions de petits (et grands) enfants qui resteront grav\u00e9es longtemps !<\/p>\n\n\n\n<figure class=\"wp-block-gallery has-nested-images columns-default is-cropped wp-block-gallery-1 is-layout-flex wp-block-gallery-is-layout-flex\">\n<figure class=\"wp-block-image size-large\"><img fetchpriority=\"high\" decoding=\"async\" width=\"768\" height=\"1024\" data-id=\"2934\" src=\"https:\/\/marouflette.fr\/wp-content\/uploads\/2025\/05\/Mairie-de-clichy-Chasses-aux-oeufs8-768x1024.jpeg\" alt=\"\" class=\"wp-image-2934\" srcset=\"https:\/\/marouflette.fr\/wp-content\/uploads\/2025\/05\/Mairie-de-clichy-Chasses-aux-oeufs8-768x1024.jpeg 768w, https:\/\/marouflette.fr\/wp-content\/uploads\/2025\/05\/Mairie-de-clichy-Chasses-aux-oeufs8-225x300.jpeg 225w, https:\/\/marouflette.fr\/wp-content\/uploads\/2025\/05\/Mairie-de-clichy-Chasses-aux-oeufs8-1152x1536.jpeg 1152w, https:\/\/marouflette.fr\/wp-content\/uploads\/2025\/05\/Mairie-de-clichy-Chasses-aux-oeufs8-1536x2048.jpeg 1536w, https:\/\/marouflette.fr\/wp-content\/uploads\/2025\/05\/Mairie-de-clichy-Chasses-aux-oeufs8-600x800.jpeg 600w, https:\/\/marouflette.fr\/wp-content\/uploads\/2025\/05\/Mairie-de-clichy-Chasses-aux-oeufs8-scaled.jpeg 1920w\" sizes=\"(max-width: 768px) 100vw, 768px\" \/><\/figure>\n\n\n\n<figure class=\"wp-block-image size-large\"><img decoding=\"async\" width=\"768\" height=\"1024\" data-id=\"2930\" src=\"https:\/\/marouflette.fr\/wp-content\/uploads\/2025\/05\/Mairie-de-clichy-Chasses-aux-oeufs4-768x1024.jpg\" alt=\"\" class=\"wp-image-2930\" srcset=\"https:\/\/marouflette.fr\/wp-content\/uploads\/2025\/05\/Mairie-de-clichy-Chasses-aux-oeufs4-768x1024.jpg 768w, https:\/\/marouflette.fr\/wp-content\/uploads\/2025\/05\/Mairie-de-clichy-Chasses-aux-oeufs4-225x300.jpg 225w, https:\/\/marouflette.fr\/wp-content\/uploads\/2025\/05\/Mairie-de-clichy-Chasses-aux-oeufs4-1152x1536.jpg 1152w, https:\/\/marouflette.fr\/wp-content\/uploads\/2025\/05\/Mairie-de-clichy-Chasses-aux-oeufs4-600x800.jpg 600w, https:\/\/marouflette.fr\/wp-content\/uploads\/2025\/05\/Mairie-de-clichy-Chasses-aux-oeufs4.jpg 1434w\" sizes=\"(max-width: 768px) 100vw, 768px\" \/><\/figure>\n\n\n\n<figure class=\"wp-block-image size-large\"><img decoding=\"async\" width=\"1024\" height=\"768\" data-id=\"2933\" src=\"https:\/\/marouflette.fr\/wp-content\/uploads\/2025\/05\/Mairie-de-clichy-Chasses-aux-oeufs7-1024x768.jpeg\" alt=\"\" class=\"wp-image-2933\" srcset=\"https:\/\/marouflette.fr\/wp-content\/uploads\/2025\/05\/Mairie-de-clichy-Chasses-aux-oeufs7-1024x768.jpeg 1024w, https:\/\/marouflette.fr\/wp-content\/uploads\/2025\/05\/Mairie-de-clichy-Chasses-aux-oeufs7-300x225.jpeg 300w, https:\/\/marouflette.fr\/wp-content\/uploads\/2025\/05\/Mairie-de-clichy-Chasses-aux-oeufs7-768x576.jpeg 768w, https:\/\/marouflette.fr\/wp-content\/uploads\/2025\/05\/Mairie-de-clichy-Chasses-aux-oeufs7-600x450.jpeg 600w, https:\/\/marouflette.fr\/wp-content\/uploads\/2025\/05\/Mairie-de-clichy-Chasses-aux-oeufs7.jpeg 1163w\" sizes=\"(max-width: 1024px) 100vw, 1024px\" \/><\/figure>\n\n\n\n<figure class=\"wp-block-image size-large\"><img loading=\"lazy\" decoding=\"async\" width=\"768\" height=\"1024\" data-id=\"2929\" src=\"https:\/\/marouflette.fr\/wp-content\/uploads\/2025\/05\/Mairie-de-clichy-Chasses-aux-oeufs3-768x1024.jpg\" alt=\"\" class=\"wp-image-2929\" srcset=\"https:\/\/marouflette.fr\/wp-content\/uploads\/2025\/05\/Mairie-de-clichy-Chasses-aux-oeufs3-768x1024.jpg 768w, https:\/\/marouflette.fr\/wp-content\/uploads\/2025\/05\/Mairie-de-clichy-Chasses-aux-oeufs3-225x300.jpg 225w, https:\/\/marouflette.fr\/wp-content\/uploads\/2025\/05\/Mairie-de-clichy-Chasses-aux-oeufs3-1152x1536.jpg 1152w, https:\/\/marouflette.fr\/wp-content\/uploads\/2025\/05\/Mairie-de-clichy-Chasses-aux-oeufs3-1536x2048.jpg 1536w, https:\/\/marouflette.fr\/wp-content\/uploads\/2025\/05\/Mairie-de-clichy-Chasses-aux-oeufs3-600x800.jpg 600w, https:\/\/marouflette.fr\/wp-content\/uploads\/2025\/05\/Mairie-de-clichy-Chasses-aux-oeufs3-scaled.jpg 1920w\" sizes=\"(max-width: 768px) 100vw, 768px\" \/><\/figure>\n\n\n\n<figure class=\"wp-block-image size-large\"><img loading=\"lazy\" decoding=\"async\" width=\"603\" height=\"805\" data-id=\"2931\" src=\"https:\/\/marouflette.fr\/wp-content\/uploads\/2025\/05\/Mairie-de-clichy-Chasses-aux-oeufs5.jpg\" alt=\"\" class=\"wp-image-2931\" srcset=\"https:\/\/marouflette.fr\/wp-content\/uploads\/2025\/05\/Mairie-de-clichy-Chasses-aux-oeufs5.jpg 603w, https:\/\/marouflette.fr\/wp-content\/uploads\/2025\/05\/Mairie-de-clichy-Chasses-aux-oeufs5-225x300.jpg 225w, https:\/\/marouflette.fr\/wp-content\/uploads\/2025\/05\/Mairie-de-clichy-Chasses-aux-oeufs5-600x801.jpg 600w\" sizes=\"(max-width: 603px) 100vw, 603px\" \/><\/figure>\n\n\n\n<figure class=\"wp-block-image size-large\"><img loading=\"lazy\" decoding=\"async\" width=\"768\" height=\"1024\" data-id=\"2942\" src=\"https:\/\/marouflette.fr\/wp-content\/uploads\/2025\/05\/Mairie-de-clichy-Chasses-aux-oeufs16-768x1024.jpeg\" alt=\"\" class=\"wp-image-2942\" srcset=\"https:\/\/marouflette.fr\/wp-content\/uploads\/2025\/05\/Mairie-de-clichy-Chasses-aux-oeufs16-768x1024.jpeg 768w, https:\/\/marouflette.fr\/wp-content\/uploads\/2025\/05\/Mairie-de-clichy-Chasses-aux-oeufs16-225x300.jpeg 225w, https:\/\/marouflette.fr\/wp-content\/uploads\/2025\/05\/Mairie-de-clichy-Chasses-aux-oeufs16-1152x1536.jpeg 1152w, https:\/\/marouflette.fr\/wp-content\/uploads\/2025\/05\/Mairie-de-clichy-Chasses-aux-oeufs16-1536x2048.jpeg 1536w, https:\/\/marouflette.fr\/wp-content\/uploads\/2025\/05\/Mairie-de-clichy-Chasses-aux-oeufs16-600x800.jpeg 600w, https:\/\/marouflette.fr\/wp-content\/uploads\/2025\/05\/Mairie-de-clichy-Chasses-aux-oeufs16-scaled.jpeg 1920w\" sizes=\"(max-width: 768px) 100vw, 768px\" \/><\/figure>\n\n\n\n<figure class=\"wp-block-image size-large\"><img loading=\"lazy\" decoding=\"async\" width=\"768\" height=\"1024\" data-id=\"2936\" src=\"https:\/\/marouflette.fr\/wp-content\/uploads\/2025\/05\/Mairie-de-clichy-Chasses-aux-oeufs10-768x1024.jpeg\" alt=\"\" class=\"wp-image-2936\" srcset=\"https:\/\/marouflette.fr\/wp-content\/uploads\/2025\/05\/Mairie-de-clichy-Chasses-aux-oeufs10-768x1024.jpeg 768w, https:\/\/marouflette.fr\/wp-content\/uploads\/2025\/05\/Mairie-de-clichy-Chasses-aux-oeufs10-225x300.jpeg 225w, https:\/\/marouflette.fr\/wp-content\/uploads\/2025\/05\/Mairie-de-clichy-Chasses-aux-oeufs10-1152x1536.jpeg 1152w, https:\/\/marouflette.fr\/wp-content\/uploads\/2025\/05\/Mairie-de-clichy-Chasses-aux-oeufs10-1536x2048.jpeg 1536w, https:\/\/marouflette.fr\/wp-content\/uploads\/2025\/05\/Mairie-de-clichy-Chasses-aux-oeufs10-600x800.jpeg 600w, https:\/\/marouflette.fr\/wp-content\/uploads\/2025\/05\/Mairie-de-clichy-Chasses-aux-oeufs10-scaled.jpeg 1920w\" sizes=\"(max-width: 768px) 100vw, 768px\" \/><\/figure>\n\n\n\n<figure class=\"wp-block-image size-large\"><img loading=\"lazy\" decoding=\"async\" width=\"768\" height=\"1024\" data-id=\"2938\" src=\"https:\/\/marouflette.fr\/wp-content\/uploads\/2025\/05\/Mairie-de-clichy-Chasses-aux-oeufs12-768x1024.jpeg\" alt=\"\" class=\"wp-image-2938\" srcset=\"https:\/\/marouflette.fr\/wp-content\/uploads\/2025\/05\/Mairie-de-clichy-Chasses-aux-oeufs12-768x1024.jpeg 768w, https:\/\/marouflette.fr\/wp-content\/uploads\/2025\/05\/Mairie-de-clichy-Chasses-aux-oeufs12-225x300.jpeg 225w, https:\/\/marouflette.fr\/wp-content\/uploads\/2025\/05\/Mairie-de-clichy-Chasses-aux-oeufs12-1152x1536.jpeg 1152w, https:\/\/marouflette.fr\/wp-content\/uploads\/2025\/05\/Mairie-de-clichy-Chasses-aux-oeufs12-1536x2048.jpeg 1536w, https:\/\/marouflette.fr\/wp-content\/uploads\/2025\/05\/Mairie-de-clichy-Chasses-aux-oeufs12-600x800.jpeg 600w, https:\/\/marouflette.fr\/wp-content\/uploads\/2025\/05\/Mairie-de-clichy-Chasses-aux-oeufs12-scaled.jpeg 1920w\" sizes=\"(max-width: 768px) 100vw, 768px\" \/><\/figure>\n\n\n\n<figure class=\"wp-block-image size-large\"><img loading=\"lazy\" decoding=\"async\" width=\"768\" height=\"1024\" data-id=\"2940\" src=\"https:\/\/marouflette.fr\/wp-content\/uploads\/2025\/05\/Mairie-de-clichy-Chasses-aux-oeufs14-768x1024.jpeg\" alt=\"\" class=\"wp-image-2940\" srcset=\"https:\/\/marouflette.fr\/wp-content\/uploads\/2025\/05\/Mairie-de-clichy-Chasses-aux-oeufs14-768x1024.jpeg 768w, https:\/\/marouflette.fr\/wp-content\/uploads\/2025\/05\/Mairie-de-clichy-Chasses-aux-oeufs14-225x300.jpeg 225w, https:\/\/marouflette.fr\/wp-content\/uploads\/2025\/05\/Mairie-de-clichy-Chasses-aux-oeufs14-1152x1536.jpeg 1152w, https:\/\/marouflette.fr\/wp-content\/uploads\/2025\/05\/Mairie-de-clichy-Chasses-aux-oeufs14-1536x2048.jpeg 1536w, https:\/\/marouflette.fr\/wp-content\/uploads\/2025\/05\/Mairie-de-clichy-Chasses-aux-oeufs14-600x800.jpeg 600w, https:\/\/marouflette.fr\/wp-content\/uploads\/2025\/05\/Mairie-de-clichy-Chasses-aux-oeufs14-scaled.jpeg 1920w\" sizes=\"(max-width: 768px) 100vw, 768px\" \/><\/figure>\n\n\n\n<figure class=\"wp-block-image size-large\"><img loading=\"lazy\" decoding=\"async\" width=\"768\" height=\"1024\" data-id=\"2945\" src=\"https:\/\/marouflette.fr\/wp-content\/uploads\/2025\/05\/Mairie-de-clichy-Chasses-aux-oeufs19-768x1024.jpeg\" alt=\"\" class=\"wp-image-2945\" srcset=\"https:\/\/marouflette.fr\/wp-content\/uploads\/2025\/05\/Mairie-de-clichy-Chasses-aux-oeufs19-768x1024.jpeg 768w, https:\/\/marouflette.fr\/wp-content\/uploads\/2025\/05\/Mairie-de-clichy-Chasses-aux-oeufs19-225x300.jpeg 225w, https:\/\/marouflette.fr\/wp-content\/uploads\/2025\/05\/Mairie-de-clichy-Chasses-aux-oeufs19-1152x1536.jpeg 1152w, https:\/\/marouflette.fr\/wp-content\/uploads\/2025\/05\/Mairie-de-clichy-Chasses-aux-oeufs19-1536x2048.jpeg 1536w, https:\/\/marouflette.fr\/wp-content\/uploads\/2025\/05\/Mairie-de-clichy-Chasses-aux-oeufs19-600x800.jpeg 600w, https:\/\/marouflette.fr\/wp-content\/uploads\/2025\/05\/Mairie-de-clichy-Chasses-aux-oeufs19-scaled.jpeg 1920w\" sizes=\"(max-width: 768px) 100vw, 768px\" \/><\/figure>\n\n\n\n<figure class=\"wp-block-image size-large\"><img loading=\"lazy\" decoding=\"async\" width=\"768\" height=\"1024\" data-id=\"2935\" src=\"https:\/\/marouflette.fr\/wp-content\/uploads\/2025\/05\/Mairie-de-clichy-Chasses-aux-oeufs9-768x1024.jpeg\" alt=\"\" class=\"wp-image-2935\" srcset=\"https:\/\/marouflette.fr\/wp-content\/uploads\/2025\/05\/Mairie-de-clichy-Chasses-aux-oeufs9-768x1024.jpeg 768w, https:\/\/marouflette.fr\/wp-content\/uploads\/2025\/05\/Mairie-de-clichy-Chasses-aux-oeufs9-225x300.jpeg 225w, https:\/\/marouflette.fr\/wp-content\/uploads\/2025\/05\/Mairie-de-clichy-Chasses-aux-oeufs9-1152x1536.jpeg 1152w, https:\/\/marouflette.fr\/wp-content\/uploads\/2025\/05\/Mairie-de-clichy-Chasses-aux-oeufs9-1536x2048.jpeg 1536w, https:\/\/marouflette.fr\/wp-content\/uploads\/2025\/05\/Mairie-de-clichy-Chasses-aux-oeufs9-600x800.jpeg 600w, https:\/\/marouflette.fr\/wp-content\/uploads\/2025\/05\/Mairie-de-clichy-Chasses-aux-oeufs9-scaled.jpeg 1920w\" sizes=\"(max-width: 768px) 100vw, 768px\" \/><\/figure>\n\n\n\n<figure class=\"wp-block-image size-large\"><img loading=\"lazy\" decoding=\"async\" width=\"768\" height=\"1024\" data-id=\"2946\" src=\"https:\/\/marouflette.fr\/wp-content\/uploads\/2025\/05\/Mairie-de-clichy-Chasses-aux-oeufs20-768x1024.jpeg\" alt=\"\" class=\"wp-image-2946\" srcset=\"https:\/\/marouflette.fr\/wp-content\/uploads\/2025\/05\/Mairie-de-clichy-Chasses-aux-oeufs20-768x1024.jpeg 768w, https:\/\/marouflette.fr\/wp-content\/uploads\/2025\/05\/Mairie-de-clichy-Chasses-aux-oeufs20-225x300.jpeg 225w, https:\/\/marouflette.fr\/wp-content\/uploads\/2025\/05\/Mairie-de-clichy-Chasses-aux-oeufs20-1152x1536.jpeg 1152w, https:\/\/marouflette.fr\/wp-content\/uploads\/2025\/05\/Mairie-de-clichy-Chasses-aux-oeufs20-1536x2048.jpeg 1536w, https:\/\/marouflette.fr\/wp-content\/uploads\/2025\/05\/Mairie-de-clichy-Chasses-aux-oeufs20-600x800.jpeg 600w, https:\/\/marouflette.fr\/wp-content\/uploads\/2025\/05\/Mairie-de-clichy-Chasses-aux-oeufs20-scaled.jpeg 1920w\" sizes=\"(max-width: 768px) 100vw, 768px\" \/><\/figure>\n\n\n\n<figure class=\"wp-block-image size-large\"><img loading=\"lazy\" decoding=\"async\" width=\"768\" height=\"1024\" data-id=\"2947\" src=\"https:\/\/marouflette.fr\/wp-content\/uploads\/2025\/05\/Mairie-de-clichy-Chasses-aux-oeufs21-768x1024.jpeg\" alt=\"\" class=\"wp-image-2947\" srcset=\"https:\/\/marouflette.fr\/wp-content\/uploads\/2025\/05\/Mairie-de-clichy-Chasses-aux-oeufs21-768x1024.jpeg 768w, https:\/\/marouflette.fr\/wp-content\/uploads\/2025\/05\/Mairie-de-clichy-Chasses-aux-oeufs21-225x300.jpeg 225w, https:\/\/marouflette.fr\/wp-content\/uploads\/2025\/05\/Mairie-de-clichy-Chasses-aux-oeufs21-1152x1536.jpeg 1152w, https:\/\/marouflette.fr\/wp-content\/uploads\/2025\/05\/Mairie-de-clichy-Chasses-aux-oeufs21-1536x2048.jpeg 1536w, https:\/\/marouflette.fr\/wp-content\/uploads\/2025\/05\/Mairie-de-clichy-Chasses-aux-oeufs21-600x800.jpeg 600w, https:\/\/marouflette.fr\/wp-content\/uploads\/2025\/05\/Mairie-de-clichy-Chasses-aux-oeufs21-scaled.jpeg 1920w\" sizes=\"(max-width: 768px) 100vw, 768px\" \/><\/figure>\n\n\n\n<figure class=\"wp-block-image size-large\"><img loading=\"lazy\" decoding=\"async\" width=\"1024\" height=\"768\" data-id=\"2943\" src=\"https:\/\/marouflette.fr\/wp-content\/uploads\/2025\/05\/Mairie-de-clichy-Chasses-aux-oeufs17-1024x768.jpeg\" alt=\"\" class=\"wp-image-2943\"\/><\/figure>\n\n\n\n<figure class=\"wp-block-image size-large\"><img loading=\"lazy\" decoding=\"async\" width=\"768\" height=\"1024\" data-id=\"2937\" src=\"https:\/\/marouflette.fr\/wp-content\/uploads\/2025\/05\/Mairie-de-clichy-Chasses-aux-oeufs11-768x1024.jpeg\" alt=\"\" class=\"wp-image-2937\" srcset=\"https:\/\/marouflette.fr\/wp-content\/uploads\/2025\/05\/Mairie-de-clichy-Chasses-aux-oeufs11-768x1024.jpeg 768w, https:\/\/marouflette.fr\/wp-content\/uploads\/2025\/05\/Mairie-de-clichy-Chasses-aux-oeufs11-225x300.jpeg 225w, https:\/\/marouflette.fr\/wp-content\/uploads\/2025\/05\/Mairie-de-clichy-Chasses-aux-oeufs11-1152x1536.jpeg 1152w, https:\/\/marouflette.fr\/wp-content\/uploads\/2025\/05\/Mairie-de-clichy-Chasses-aux-oeufs11-1535x2048.jpeg 1535w, https:\/\/marouflette.fr\/wp-content\/uploads\/2025\/05\/Mairie-de-clichy-Chasses-aux-oeufs11-600x800.jpeg 600w, https:\/\/marouflette.fr\/wp-content\/uploads\/2025\/05\/Mairie-de-clichy-Chasses-aux-oeufs11-scaled.jpeg 1919w\" sizes=\"(max-width: 768px) 100vw, 768px\" \/><\/figure>\n<\/figure>\n\n\n\n<figure class=\"wp-block-image size-large\"><img loading=\"lazy\" decoding=\"async\" width=\"1024\" height=\"768\" src=\"https:\/\/marouflette.fr\/wp-content\/uploads\/2025\/05\/Mairie-de-clichy-Chasses-aux-oeufs1-1-1024x768.jpg\" alt=\"\" class=\"wp-image-2927\" srcset=\"https:\/\/marouflette.fr\/wp-content\/uploads\/2025\/05\/Mairie-de-clichy-Chasses-aux-oeufs1-1-1024x768.jpg 1024w, https:\/\/marouflette.fr\/wp-content\/uploads\/2025\/05\/Mairie-de-clichy-Chasses-aux-oeufs1-1-300x225.jpg 300w, https:\/\/marouflette.fr\/wp-content\/uploads\/2025\/05\/Mairie-de-clichy-Chasses-aux-oeufs1-1-768x576.jpg 768w, https:\/\/marouflette.fr\/wp-content\/uploads\/2025\/05\/Mairie-de-clichy-Chasses-aux-oeufs1-1-1536x1152.jpg 1536w, https:\/\/marouflette.fr\/wp-content\/uploads\/2025\/05\/Mairie-de-clichy-Chasses-aux-oeufs1-1-2048x1536.jpg 2048w, https:\/\/marouflette.fr\/wp-content\/uploads\/2025\/05\/Mairie-de-clichy-Chasses-aux-oeufs1-1-600x450.jpg 600w\" sizes=\"(max-width: 1024px) 100vw, 1024px\" \/><\/figure>\n\n\n\n<p class=\"has-text-align-left\"><div style=\"height:20px\"><\/div><\/p>\n\n\n\n<h2 class=\"wp-block-heading has-text-align-center\"><br>Je souhaite un devis gratuit pour mon \u00e9v\u00e8nement !<\/h2>\n\n\n<div class=\"frm_forms  with_frm_style frm_style_style-formidable\" id=\"frm_form_5_container\" data-token=\"edeedb3c56930ebd7948d61fb05cee7d\">\n<form enctype=\"multipart\/form-data\" method=\"post\" class=\"frm-show-form \" id=\"form_devis22\" data-token=\"edeedb3c56930ebd7948d61fb05cee7d\">\n<div class=\"frm_form_fields \">\n<fieldset>\n<legend class=\"frm_screen_reader\">Devis pro<\/legend>\r\n\r\n<div class=\"frm_fields_container\">\n<input type=\"hidden\" name=\"frm_action\" value=\"create\" \/>\n<input type=\"hidden\" name=\"form_id\" value=\"5\" \/>\n<input type=\"hidden\" name=\"frm_hide_fields_5\" id=\"frm_hide_fields_5\" value=\"\" \/>\n<input type=\"hidden\" name=\"form_key\" value=\"devis22\" \/>\n<input type=\"hidden\" name=\"item_meta[0]\" value=\"\" \/>\n<input type=\"hidden\" id=\"frm_submit_entry_5\" name=\"frm_submit_entry_5\" value=\"f6b48d1468\" \/><input type=\"hidden\" name=\"_wp_http_referer\" value=\"\/en\/wp-json\/wp\/v2\/pages\/3007\" \/><div id=\"frm_field_40_container\" class=\"frm_form_field form-field  frm_required_field frm_top_container frm6 frm_first\">\r\n\t<label for=\"field_8n5ue3\" id=\"field_8n5ue3_label\" class=\"frm_primary_label\">Nom\r\n\t\t<span class=\"frm_required\" aria-hidden=\"true\">*<\/span>\r\n\t<\/label>\r\n\t<input type=\"text\" id=\"field_8n5ue3\" name=\"item_meta[40]\" value=\"\"  data-reqmsg=\"Nom ne peut pas \u00eatre vide.\" aria-required=\"true\" data-invmsg=\"Nom est non valide\" aria-invalid=\"false\"  \/>\r\n\t\r\n\t\r\n<\/div>\n<div id=\"frm_field_41_container\" class=\"frm_form_field form-field  frm_required_field frm_top_container frm6\">\r\n\t<label for=\"field_mkez93\" id=\"field_mkez93_label\" class=\"frm_primary_label\">Pr\u00e9nom\r\n\t\t<span class=\"frm_required\" aria-hidden=\"true\">*<\/span>\r\n\t<\/label>\r\n\t<input type=\"text\" id=\"field_mkez93\" name=\"item_meta[41]\" value=\"\"  data-reqmsg=\"Pr\u00e9nom ne peut pas \u00eatre vide.\" aria-required=\"true\" data-invmsg=\"Pr\u00e9nom est non valide\" aria-invalid=\"false\"  \/>\r\n\t\r\n\t\r\n<\/div>\n<div id=\"frm_field_42_container\" class=\"frm_form_field form-field  frm_required_field frm_top_container frm6 frm_first\">\r\n\t<label for=\"field_vjhpf3\" id=\"field_vjhpf3_label\" class=\"frm_primary_label\">E-mail\r\n\t\t<span class=\"frm_required\" aria-hidden=\"true\">*<\/span>\r\n\t<\/label>\r\n\t<input type=\"email\" id=\"field_vjhpf3\" name=\"item_meta[42]\" value=\"\"  data-reqmsg=\"E-mail ne peut pas \u00eatre vide.\" aria-required=\"true\" data-invmsg=\"E-mail est non valide\" aria-invalid=\"false\"  \/>\r\n\t\r\n\t\r\n<\/div>\n<div id=\"frm_field_43_container\" class=\"frm_form_field form-field  frm_required_field frm_top_container frm6\">\r\n\t<label for=\"field_10111a3\" id=\"field_10111a3_label\" class=\"frm_primary_label\">T\u00e9l\u00e9phone\r\n\t\t<span class=\"frm_required\" aria-hidden=\"true\">*<\/span>\r\n\t<\/label>\r\n\t<input type=\"tel\" id=\"field_10111a3\" name=\"item_meta[43]\" value=\"\"  data-reqmsg=\"T\u00e9l\u00e9phone ne peut pas \u00eatre vide.\" aria-required=\"true\" data-invmsg=\"T\u00e9l\u00e9phone est non valide\" aria-invalid=\"false\" pattern=\"((\\+\\d{1,3}(-|.| )?\\(?\\d\\)?(-| |.)?\\d{1,5})|(\\(?\\d{2,6}\\)?))(-|.| )?(\\d{3,4})(-|.| )?(\\d{4})(( x| ext)\\d{1,5}){0,1}$\"  \/>\r\n\t\r\n\t\r\n<\/div>\n<div id=\"frm_field_44_container\" class=\"frm_form_field form-field  frm_required_field frm_top_container frm12 frm_first\">\r\n\t<label for=\"field_nnjql3\" id=\"field_nnjql3_label\" class=\"frm_primary_label\">Quel est votre budget ?\r\n\t\t<span class=\"frm_required\" aria-hidden=\"true\">*<\/span>\r\n\t<\/label>\r\n\t\t\t<select name=\"item_meta[44]\" id=\"field_nnjql3\"  data-reqmsg=\"Quel est votre budget ? ne peut pas \u00eatre vide.\" aria-required=\"true\" data-invmsg=\"Quel est votre budget ? est non valide\" class=\"auto_width\" aria-invalid=\"false\"  >\n\t\t<option  value=\"Entre 900 et 1500\u20ac\">Entre 900 et 1500\u20ac<\/option><option  value=\"Entre 1500 et 3000 \u20ac\">Entre 1500 et 3000 \u20ac<\/option><option  value=\"Entre 3000\u20ac et 5000\u20ac\">Entre 3000\u20ac et 5000\u20ac<\/option><option  value=\"Plus de 5000\u20ac\">Plus de 5000\u20ac<\/option>\t<\/select>\n\t\r\n\t\r\n\t\r\n<\/div>\n<div id=\"frm_field_45_container\" class=\"frm_form_field form-field  frm_required_field frm_top_container m frm12 frm_first\">\r\n\t<label for=\"field_tx0py3\" id=\"field_tx0py3_label\" class=\"frm_primary_label\">Comment pouvons-nous vous aider \u00e0 vous faire vivre l&#8217;une de vos plus belles journ\u00e9es ?\r\n\t\t<span class=\"frm_required\" aria-hidden=\"true\">*<\/span>\r\n\t<\/label>\r\n\t<textarea name=\"item_meta[45]\" id=\"field_tx0py3\" rows=\"5\"  placeholder=\"Parlez nous de votre \u00e9v\u00e8nement, de votre projet en quelques mots ! Pensez \u00e0 pr\u00e9cisez la date et lieu de l&#039;\u00e9v\u00e8nement.\" data-reqmsg=\"Comment pouvons-nous vous aider \u00e0 vous faire vivre l&#039;une de vos plus belles journ\u00e9es ? ne peut pas \u00eatre vide.\" aria-required=\"true\" data-invmsg=\"Comment pouvons-nous vous aider \u00e0 vous faire vivre l&#039;une de vos plus belles journ\u00e9es ? is invalid\" aria-invalid=\"false\"  ><\/textarea>\r\n\t\r\n\t\r\n<\/div>\n<div id=\"frm_field_46_container\" class=\"frm_form_field form-field  frm_required_field frm_inline_container frm12\">\r\n\t<div  id=\"field_ur8ov3_label\" class=\"frm_primary_label\">\r\n\t\t<span class=\"frm_required\" aria-hidden=\"true\">*<\/span>\r\n\t<\/div>\r\n\t\n<div class=\"frm_checkbox\" role=\"group\" aria-labelledby=\"frm-gdpr-accept-46\">\n\t<label for=\"frm-gdpr-accept-46\">\n\t\t<input type=\"checkbox\" aria-required=\"true\" name=\"item_meta[46]\" id=\"frm-gdpr-accept-46\" value=\"1\" \n\t\t \t\t data-reqmsg=\"This field ne peut pas \u00eatre vide.\" aria-required=\"true\" data-invmsg=\"This field is invalid\" aria-invalid=\"false\"  \t\t\/>\n\t\tJe consens \u00e0 ce que ce site web stocke les informations que j&#8217;ai fournies afin de pouvoir r\u00e9pondre \u00e0 ma demande.\t<\/label>\n<\/div>\n\r\n\t\r\n\t\r\n<\/div>\n<div id=\"frm_field_47_container\" class=\"frm_form_field form-field \">\r\n\t<div class=\"frm_submit frm_flex\">\r\n<button class=\"frm_button_submit\" type=\"submit\"  >Je demande mon devis Marouflette \ud83e\udde1<\/button>\r\n\r\n\r\n\r\n<\/div>\r\n<\/div>\n\t<input type=\"hidden\" name=\"item_key\" value=\"\" \/>\n\t\t\t<div id=\"frm_field_103_container\">\n\t\t\t<label for=\"field_tduo1\" >\n\t\t\t\tIf you are human, leave this field blank.\t\t\t<\/label>\n\t\t\t<input  id=\"field_tduo1\" type=\"text\" class=\"frm_form_field form-field frm_verify\" name=\"item_meta[103]\" value=\"\"  \/>\n\t\t<\/div>\n\t\t<input name=\"frm_state\" type=\"hidden\" value=\"Uw1RboV0ldyxTd9CFjbOCnqDKUNp8Euwha5+1TL+qn4=\" \/><\/div>\n<\/fieldset>\n<\/div>\n\n<p style=\"display: none !important;\" class=\"akismet-fields-container\" data-prefix=\"ak_\"><label>&#916;<textarea name=\"ak_hp_textarea\" cols=\"45\" rows=\"8\" maxlength=\"100\"><\/textarea><\/label><input type=\"hidden\" id=\"ak_js_1\" name=\"ak_js\" value=\"131\"\/><script>document.getElementById( \"ak_js_1\" ).setAttribute( \"value\", ( new Date() ).getTime() );<\/script><\/p><\/form>\n<\/div>\n\n\n\n<div class=\"wp-block-buttons is-content-justification-right is-layout-flex wp-container-core-buttons-is-layout-765c4724 wp-block-buttons-is-layout-flex\">\n<div class=\"wp-block-button is-style-outline is-style-outline--2\"><a class=\"wp-block-button__link wp-element-button\" href=\"https:\/\/marouflette.fr\/evenements-professionnels\/\">Retour<\/a><\/div>\n<\/div>\n\n\n\n<p><\/p>\n","protected":false},"excerpt":{"rendered":"<p>Un vent de couleurs pour la Mairie de Clichy ! Pour c\u00e9l\u00e9brer la traditionnelle chasse aux \u0153ufs, la Mairie de Clichy m\u2019a confi\u00e9 la sc\u00e9nographie de l\u2019\u00e9v\u00e9nement\u2026 et quel bonheur de pouvoir laisser libre cours \u00e0 ma cr\u00e9ativit\u00e9 pour imaginer un d\u00e9cor aussi festif que joyeux ! De la proposition de maquette jusqu\u2019\u00e0 l\u2019installation finale, ce projet a \u00e9t\u00e9 un v\u00e9ritable coup de c\u0153ur.\ud83c\udfa8 6 arches color\u00e9es ont pris place sur le parcours, chacune d\u00e9cor\u00e9e de ballons et de petits clins d\u2019\u0153il au th\u00e8me super-h\u00e9ros version printani\u00e8re&#8230; et pour marquer le d\u00e9part de cette aventure familiale : une arche monumentale&#8230; <\/p>\n","protected":false},"author":1,"featured_media":2930,"parent":2911,"menu_order":0,"comment_status":"closed","ping_status":"closed","template":"template-full-width.php","meta":{"_eb_attr":"","_monsterinsights_skip_tracking":false,"_monsterinsights_sitenote_active":false,"_monsterinsights_sitenote_note":"","_monsterinsights_sitenote_category":0,"footnotes":""},"class_list":["post-3007","page","type-page","status-publish","has-post-thumbnail","hentry"],"aioseo_notices":[],"_links":{"self":[{"href":"https:\/\/marouflette.fr\/en\/wp-json\/wp\/v2\/pages\/3007","targetHints":{"allow":["GET"]}}],"collection":[{"href":"https:\/\/marouflette.fr\/en\/wp-json\/wp\/v2\/pages"}],"about":[{"href":"https:\/\/marouflette.fr\/en\/wp-json\/wp\/v2\/types\/page"}],"author":[{"embeddable":true,"href":"https:\/\/marouflette.fr\/en\/wp-json\/wp\/v2\/users\/1"}],"replies":[{"embeddable":true,"href":"https:\/\/marouflette.fr\/en\/wp-json\/wp\/v2\/comments?post=3007"}],"version-history":[{"count":8,"href":"https:\/\/marouflette.fr\/en\/wp-json\/wp\/v2\/pages\/3007\/revisions"}],"predecessor-version":[{"id":3238,"href":"https:\/\/marouflette.fr\/en\/wp-json\/wp\/v2\/pages\/3007\/revisions\/3238"}],"up":[{"embeddable":true,"href":"https:\/\/marouflette.fr\/en\/wp-json\/wp\/v2\/pages\/2911"}],"wp:featuredmedia":[{"embeddable":true,"href":"https:\/\/marouflette.fr\/en\/wp-json\/wp\/v2\/media\/2930"}],"wp:attachment":[{"href":"https:\/\/marouflette.fr\/en\/wp-json\/wp\/v2\/media?parent=3007"}],"curies":[{"name":"wp","href":"https:\/\/api.w.org\/{rel}","templated":true}]}}