{"id":3497,"date":"2026-03-05T23:42:24","date_gmt":"2026-03-05T22:42:24","guid":{"rendered":"https:\/\/marouflette.fr\/?page_id=3497"},"modified":"2026-03-15T18:15:27","modified_gmt":"2026-03-15T17:15:27","slug":"location-mur-a-champagne-en-ile-de-france-dupliquer-3439","status":"publish","type":"page","link":"https:\/\/marouflette.fr\/en\/location\/location-mur-a-champagne-en-ile-de-france-dupliquer-3439\/","title":{"rendered":"Balan\u00e7oire D\u00e9corative \u2013 Location"},"content":{"rendered":"\n<p>Apportez une <strong>touche po\u00e9tique et spectaculaire<\/strong> \u00e0 votre \u00e9v\u00e9nement avec notre <strong>balan\u00e7oire d\u00e9corative \u00e0 louer en \u00cele-de-France<\/strong>, id\u00e9ale pour cr\u00e9er un <strong>espace photo \u00e9l\u00e9gant et original<\/strong> lors de vos r\u00e9ceptions.<\/p>\n\n\n\n<figure class=\"wp-block-image size-large\"><img fetchpriority=\"high\" decoding=\"async\" width=\"1024\" height=\"576\" src=\"https:\/\/marouflette.fr\/wp-content\/uploads\/2026\/03\/4-1024x576.png\" alt=\"\" class=\"wp-image-3498\" srcset=\"https:\/\/marouflette.fr\/wp-content\/uploads\/2026\/03\/4-1024x576.png 1024w, https:\/\/marouflette.fr\/wp-content\/uploads\/2026\/03\/4-300x169.png 300w, https:\/\/marouflette.fr\/wp-content\/uploads\/2026\/03\/4-768x432.png 768w, https:\/\/marouflette.fr\/wp-content\/uploads\/2026\/03\/4-1536x864.png 1536w, https:\/\/marouflette.fr\/wp-content\/uploads\/2026\/03\/4.png 1920w\" sizes=\"(max-width: 1024px) 100vw, 1024px\" \/><\/figure>\n\n\n\n<p>Tr\u00e8s appr\u00e9ci\u00e9e pour les <strong>anniversaires, baby showers, bapt\u00eames, mariages ou \u00e9v\u00e9nements priv\u00e9s<\/strong>, la balan\u00e7oire devient rapidement <strong>un \u00e9l\u00e9ment central de votre d\u00e9coration \u00e9v\u00e9nementielle<\/strong>. Install\u00e9e au c\u0153ur de votre sc\u00e9nographie, elle attire naturellement les invit\u00e9s et offre <strong>un d\u00e9cor photo unique et m\u00e9morable<\/strong>.<br><\/p>\n\n\n\n<figure class=\"wp-block-gallery has-nested-images columns-default is-cropped wp-block-gallery-1 is-layout-flex wp-block-gallery-is-layout-flex\">\n<figure class=\"wp-block-image size-large\"><img decoding=\"async\" width=\"1024\" height=\"683\" data-id=\"3527\" src=\"https:\/\/marouflette.fr\/wp-content\/uploads\/2026\/03\/d7d4538c-0365-4a07-8c74-d786030a7193-1024x683.png\" alt=\"\" class=\"wp-image-3527\" srcset=\"https:\/\/marouflette.fr\/wp-content\/uploads\/2026\/03\/d7d4538c-0365-4a07-8c74-d786030a7193-1024x683.png 1024w, https:\/\/marouflette.fr\/wp-content\/uploads\/2026\/03\/d7d4538c-0365-4a07-8c74-d786030a7193-300x200.png 300w, https:\/\/marouflette.fr\/wp-content\/uploads\/2026\/03\/d7d4538c-0365-4a07-8c74-d786030a7193-768x512.png 768w, https:\/\/marouflette.fr\/wp-content\/uploads\/2026\/03\/d7d4538c-0365-4a07-8c74-d786030a7193.png 1536w\" sizes=\"(max-width: 1024px) 100vw, 1024px\" \/><\/figure>\n\n\n\n<figure class=\"wp-block-image size-large\"><img decoding=\"async\" width=\"1024\" height=\"683\" data-id=\"3525\" src=\"https:\/\/marouflette.fr\/wp-content\/uploads\/2026\/03\/ChatGPT-Image-15-mars-2026-17_50_45-1024x683.png\" alt=\"\" class=\"wp-image-3525\" srcset=\"https:\/\/marouflette.fr\/wp-content\/uploads\/2026\/03\/ChatGPT-Image-15-mars-2026-17_50_45-1024x683.png 1024w, https:\/\/marouflette.fr\/wp-content\/uploads\/2026\/03\/ChatGPT-Image-15-mars-2026-17_50_45-300x200.png 300w, https:\/\/marouflette.fr\/wp-content\/uploads\/2026\/03\/ChatGPT-Image-15-mars-2026-17_50_45-768x512.png 768w, https:\/\/marouflette.fr\/wp-content\/uploads\/2026\/03\/ChatGPT-Image-15-mars-2026-17_50_45.png 1536w\" sizes=\"(max-width: 1024px) 100vw, 1024px\" \/><\/figure>\n\n\n\n<figure class=\"wp-block-image size-large\"><img loading=\"lazy\" decoding=\"async\" width=\"1024\" height=\"1024\" data-id=\"3523\" src=\"https:\/\/marouflette.fr\/wp-content\/uploads\/2026\/03\/ChatGPT-Image-15-mars-2026-17_38_49.png\" alt=\"\" class=\"wp-image-3523\" srcset=\"https:\/\/marouflette.fr\/wp-content\/uploads\/2026\/03\/ChatGPT-Image-15-mars-2026-17_38_49.png 1024w, https:\/\/marouflette.fr\/wp-content\/uploads\/2026\/03\/ChatGPT-Image-15-mars-2026-17_38_49-300x300.png 300w, https:\/\/marouflette.fr\/wp-content\/uploads\/2026\/03\/ChatGPT-Image-15-mars-2026-17_38_49-150x150.png 150w, https:\/\/marouflette.fr\/wp-content\/uploads\/2026\/03\/ChatGPT-Image-15-mars-2026-17_38_49-768x768.png 768w\" sizes=\"(max-width: 1024px) 100vw, 1024px\" \/><\/figure>\n\n\n\n<figure class=\"wp-block-image size-large\"><img loading=\"lazy\" decoding=\"async\" width=\"1024\" height=\"683\" data-id=\"3528\" src=\"https:\/\/marouflette.fr\/wp-content\/uploads\/2026\/03\/ChatGPT-Image-15-mars-2026-17_56_14-1024x683.png\" alt=\"\" class=\"wp-image-3528\" srcset=\"https:\/\/marouflette.fr\/wp-content\/uploads\/2026\/03\/ChatGPT-Image-15-mars-2026-17_56_14-1024x683.png 1024w, https:\/\/marouflette.fr\/wp-content\/uploads\/2026\/03\/ChatGPT-Image-15-mars-2026-17_56_14-300x200.png 300w, https:\/\/marouflette.fr\/wp-content\/uploads\/2026\/03\/ChatGPT-Image-15-mars-2026-17_56_14-768x512.png 768w, https:\/\/marouflette.fr\/wp-content\/uploads\/2026\/03\/ChatGPT-Image-15-mars-2026-17_56_14.png 1536w\" sizes=\"(max-width: 1024px) 100vw, 1024px\" \/><\/figure>\n<\/figure>\n\n\n\n<div style=\"height:81px\" aria-hidden=\"true\" class=\"wp-block-spacer\"><\/div>\n\n\n\n<p>Parfaite pour compl\u00e9ter une <strong>d\u00e9coration florale, un espace photobooth ou une sc\u00e9nographie \u00e9v\u00e9nementielle<\/strong>, notre balan\u00e7oire s\u2019int\u00e8gre facilement dans diff\u00e9rents univers d\u00e9coratifs : boh\u00e8me, chic, romantique ou moderne.<\/p>\n\n\n\n<figure class=\"wp-block-image size-large\"><img loading=\"lazy\" decoding=\"async\" width=\"1024\" height=\"576\" src=\"https:\/\/marouflette.fr\/wp-content\/uploads\/2026\/03\/5-1024x576.png\" alt=\"\" class=\"wp-image-3499\" srcset=\"https:\/\/marouflette.fr\/wp-content\/uploads\/2026\/03\/5-1024x576.png 1024w, https:\/\/marouflette.fr\/wp-content\/uploads\/2026\/03\/5-300x169.png 300w, https:\/\/marouflette.fr\/wp-content\/uploads\/2026\/03\/5-768x432.png 768w, https:\/\/marouflette.fr\/wp-content\/uploads\/2026\/03\/5-1536x864.png 1536w, https:\/\/marouflette.fr\/wp-content\/uploads\/2026\/03\/5.png 1920w\" sizes=\"(max-width: 1024px) 100vw, 1024px\" \/><\/figure>\n\n\n\n<p>\ud83d\udccd Retrait possible \u00e0 Osny<br>\ud83d\ude9a Livraison possible \u00e0 <strong>Paris et partout en \u00cele-de-France<\/strong><br><\/p>\n\n\n\n<hr class=\"wp-block-separator has-alpha-channel-opacity\"\/>\n\n\n\n<h3 class=\"wp-block-heading has-text-align-center\"><br>Vous souhaitez r\u00e9server l\u2019une de nos locations <br>pour votre \u00e9v\u00e9nement \u00e0 Paris ou en \u00cele-de-France ?<\/h3>\n\n\n\n<p>Remplissez le formulaire ci-dessous en indiquant les informations principales de votre \u00e9v\u00e9nement. Cela nous permettra de v\u00e9rifier rapidement la disponibilit\u00e9 et de vous accompagner dans votre demande.<\/p>\n\n\n\n<p>Nous reviendrons vers vous dans les plus brefs d\u00e9lais afin de vous confirmer la disponibilit\u00e9 et finaliser votre r\u00e9servation.<\/p>\n\n\n<div class=\"frm_forms  with_frm_style frm_style_style-formidable\" id=\"frm_form_10_container\" data-token=\"dc0126fe29ec6417c6e070564791a6bc\">\n<form enctype=\"multipart\/form-data\" method=\"post\" class=\"frm-show-form \" id=\"form_devis3\" data-token=\"dc0126fe29ec6417c6e070564791a6bc\">\n<div class=\"frm_form_fields \">\n<fieldset>\n<legend class=\"frm_screen_reader\">Demande de r\u00e9servation<\/legend>\r\n\r\n<div class=\"frm_fields_container\">\n<input type=\"hidden\" name=\"frm_action\" value=\"create\" \/>\n<input type=\"hidden\" name=\"form_id\" value=\"10\" \/>\n<input type=\"hidden\" name=\"frm_hide_fields_10\" id=\"frm_hide_fields_10\" value=\"\" \/>\n<input type=\"hidden\" name=\"form_key\" value=\"devis3\" \/>\n<input type=\"hidden\" name=\"item_meta[0]\" value=\"\" \/>\n<input type=\"hidden\" id=\"frm_submit_entry_10\" name=\"frm_submit_entry_10\" value=\"e430e74682\" \/><input type=\"hidden\" name=\"_wp_http_referer\" value=\"\/en\/wp-json\/wp\/v2\/pages\/3497\" \/><div id=\"frm_field_84_container\" class=\"frm_form_field form-field  frm_required_field frm_top_container frm6 frm_first\">\r\n\t<label for=\"field_8n5ue4\" id=\"field_8n5ue4_label\" class=\"frm_primary_label\">Nom\r\n\t\t<span class=\"frm_required\" aria-hidden=\"true\">*<\/span>\r\n\t<\/label>\r\n\t<input type=\"text\" id=\"field_8n5ue4\" name=\"item_meta[84]\" value=\"\"  data-reqmsg=\"Nom ne peut pas \u00eatre vide.\" aria-required=\"true\" data-invmsg=\"Nom est non valide\" aria-invalid=\"false\"  \/>\r\n\t\r\n\t\r\n<\/div>\n<div id=\"frm_field_85_container\" class=\"frm_form_field form-field  frm_required_field frm_top_container frm6\">\r\n\t<label for=\"field_mkez94\" id=\"field_mkez94_label\" class=\"frm_primary_label\">Pr\u00e9nom\r\n\t\t<span class=\"frm_required\" aria-hidden=\"true\">*<\/span>\r\n\t<\/label>\r\n\t<input type=\"text\" id=\"field_mkez94\" name=\"item_meta[85]\" value=\"\"  data-reqmsg=\"Pr\u00e9nom ne peut pas \u00eatre vide.\" aria-required=\"true\" data-invmsg=\"Pr\u00e9nom est non valide\" aria-invalid=\"false\"  \/>\r\n\t\r\n\t\r\n<\/div>\n<div id=\"frm_field_86_container\" class=\"frm_form_field form-field  frm_required_field frm_top_container frm6 frm_first\">\r\n\t<label for=\"field_vjhpf4\" id=\"field_vjhpf4_label\" class=\"frm_primary_label\">E-mail\r\n\t\t<span class=\"frm_required\" aria-hidden=\"true\">*<\/span>\r\n\t<\/label>\r\n\t<input type=\"email\" id=\"field_vjhpf4\" name=\"item_meta[86]\" value=\"\"  data-reqmsg=\"E-mail ne peut pas \u00eatre vide.\" aria-required=\"true\" data-invmsg=\"E-mail est non valide\" aria-invalid=\"false\"  \/>\r\n\t\r\n\t\r\n<\/div>\n<div id=\"frm_field_87_container\" class=\"frm_form_field form-field  frm_required_field frm_top_container frm6\">\r\n\t<label for=\"field_10111a4\" id=\"field_10111a4_label\" class=\"frm_primary_label\">T\u00e9l\u00e9phone\r\n\t\t<span class=\"frm_required\" aria-hidden=\"true\">*<\/span>\r\n\t<\/label>\r\n\t<input type=\"tel\" id=\"field_10111a4\" name=\"item_meta[87]\" value=\"\"  data-reqmsg=\"T\u00e9l\u00e9phone ne peut pas \u00eatre vide.\" aria-required=\"true\" data-invmsg=\"T\u00e9l\u00e9phone est non valide\" aria-invalid=\"false\" pattern=\"((\\+\\d{1,3}(-|.| )?\\(?\\d\\)?(-| |.)?\\d{1,5})|(\\(?\\d{2,6}\\)?))(-|.| )?(\\d{3,4})(-|.| )?(\\d{4})(( x| ext)\\d{1,5}){0,1}$\"  \/>\r\n\t\r\n\t\r\n<\/div>\n<div id=\"frm_field_94_container\" class=\"frm_form_field form-field  frm_required_field frm_top_container frm12 frm_first\">\r\n\t<label for=\"field_wf209\" id=\"field_wf209_label\" class=\"frm_primary_label\">Date de l&#8217;\u00e9v\u00e8nement\r\n\t\t<span class=\"frm_required\" aria-hidden=\"true\">*<\/span>\r\n\t<\/label>\r\n\t<input type=\"text\" id=\"field_wf209\" name=\"item_meta[94]\" value=\"\"  data-reqmsg=\"Date de l&#039;\u00e9v\u00e8nement ne peut pas \u00eatre vide.\" aria-required=\"true\" data-invmsg=\"Date de l&#039;\u00e9v\u00e8nement est non valide\" aria-invalid=\"false\"  \/>\r\n\t\r\n\t\r\n<\/div>\n<div id=\"frm_field_88_container\" class=\"frm_form_field form-field  frm_required_field frm_top_container frm12 frm_first\">\r\n\t<label for=\"field_nnjql4\" id=\"field_nnjql4_label\" class=\"frm_primary_label\">Quelle prestation vous int\u00e9resse ? \r\n\t\t<span class=\"frm_required\" aria-hidden=\"true\">*<\/span>\r\n\t<\/label>\r\n\t\t\t<select name=\"item_meta[88]\" id=\"field_nnjql4\"  data-reqmsg=\"Quelle prestation vous int\u00e9resse ?  ne peut pas \u00eatre vide.\" aria-required=\"true\" data-invmsg=\"Quelle prestation vous int\u00e9resse ?  est non valide\" class=\"auto_width\" aria-invalid=\"false\"  >\n\t\t<option  value=\"Notre mur \u00e0 champagne\">Notre mur \u00e0 champagne<\/option><option  value=\"Notre bar &amp; parasol\">Notre bar &amp; parasol<\/option><option  value=\"Notre balan\u00e7oire\">Notre balan\u00e7oire<\/option><option  value=\"Notre pijama party\">Notre pijama party<\/option><option  value=\"Notre pack backdrop\">Notre pack backdrop<\/option><option  value=\"Notre pack inauguration\">Notre pack inauguration<\/option>\t<\/select>\n\t\r\n\t\r\n\t\r\n<\/div>\n<div id=\"frm_field_89_container\" class=\"frm_form_field form-field  frm_required_field frm_top_container m frm12 frm_first\">\r\n\t<label for=\"field_tx0py4\" id=\"field_tx0py4_label\" class=\"frm_primary_label\">Informations compl\u00e9mentaires\r\n\t\t<span class=\"frm_required\" aria-hidden=\"true\">*<\/span>\r\n\t<\/label>\r\n\t<textarea name=\"item_meta[89]\" id=\"field_tx0py4\" rows=\"5\"  placeholder=\"N&#039;h\u00e9sitez pas \u00e0 nous transmettre des informations compl\u00e9mentaires concernant la location si n\u00e9cessaire ou si vous avez des questions. Merci\" data-reqmsg=\"Informations compl\u00e9mentaires ne peut pas \u00eatre vide.\" aria-required=\"true\" data-invmsg=\"Informations compl\u00e9mentaires is invalid\" aria-invalid=\"false\"  ><\/textarea>\r\n\t\r\n\t\r\n<\/div>\n<div id=\"frm_field_93_container\" class=\"frm_form_field form-field  frm_required_field frm_top_container vertical_radio\">\r\n\t<div  id=\"field_kjwza_label\" class=\"frm_primary_label\">Je souhaite r\u00e9cup\u00e9rer le mat\u00e9riel :\r\n\t\t<span class=\"frm_required\" aria-hidden=\"true\">*<\/span>\r\n\t<\/div>\r\n\t<div class=\"frm_opt_container\" aria-labelledby=\"field_kjwza_label\" role=\"radiogroup\" aria-required=\"true\">\t\t<div class=\"frm_radio\" id=\"frm_radio_93-0\">\t\t\t<label  for=\"field_kjwza-0\">\n\t\t\t\t\t<input type=\"radio\" name=\"item_meta[93]\" id=\"field_kjwza-0\" value=\"En retrait (\u00e0 Osny - 95)\"\n\t\t data-reqmsg=\"Je souhaite r\u00e9cup\u00e9rer le mat\u00e9riel : ne peut pas \u00eatre vide.\" data-invmsg=\"Je souhaite r\u00e9cup\u00e9rer le mat\u00e9riel : est non valide\"   \/> En retrait (\u00e0 Osny &#8211; 95)<\/label><\/div>\n\t\t<div class=\"frm_radio\" id=\"frm_radio_93-1\">\t\t\t<label  for=\"field_kjwza-1\">\n\t\t\t\t\t<input type=\"radio\" name=\"item_meta[93]\" id=\"field_kjwza-1\" value=\"En livraison en Ile de france (En compl\u00e9ment)\"\n\t\t data-reqmsg=\"Je souhaite r\u00e9cup\u00e9rer le mat\u00e9riel : ne peut pas \u00eatre vide.\" data-invmsg=\"Je souhaite r\u00e9cup\u00e9rer le mat\u00e9riel : est non valide\"   \/> En livraison en Ile de france (En compl\u00e9ment)<\/label><\/div>\n<\/div>\r\n\t\r\n\t\r\n<\/div>\n<div id=\"frm_field_95_container\" class=\"frm_form_field form-field  frm_required_field frm_top_container vertical_radio\">\r\n\t<div  id=\"field_dcejo_label\" class=\"frm_primary_label\">Je souhaite une installation \u00e0 domicile (En compl\u00e9ment)\r\n\t\t<span class=\"frm_required\" aria-hidden=\"true\">*<\/span>\r\n\t<\/div>\r\n\t<div class=\"frm_opt_container\" aria-labelledby=\"field_dcejo_label\" role=\"radiogroup\" aria-required=\"true\">\t\t<div class=\"frm_radio\" id=\"frm_radio_95-0\">\t\t\t<label  for=\"field_dcejo-0\">\n\t\t\t\t\t<input type=\"radio\" name=\"item_meta[95]\" id=\"field_dcejo-0\" value=\"Oui, je suis int\u00e9ress\u00e9(e)\"\n\t\t data-reqmsg=\"Je souhaite une installation \u00e0 domicile (En compl\u00e9ment) ne peut pas \u00eatre vide.\" data-invmsg=\"Je souhaite une installation \u00e0 domicile (En compl\u00e9ment) est non valide\"   \/> Oui, je suis int\u00e9ress\u00e9(e)<\/label><\/div>\n\t\t<div class=\"frm_radio\" id=\"frm_radio_95-1\">\t\t\t<label  for=\"field_dcejo-1\">\n\t\t\t\t\t<input type=\"radio\" name=\"item_meta[95]\" id=\"field_dcejo-1\" value=\"Non merci, je n&#039;en ai pas besoin\"\n\t\t data-reqmsg=\"Je souhaite une installation \u00e0 domicile (En compl\u00e9ment) ne peut pas \u00eatre vide.\" data-invmsg=\"Je souhaite une installation \u00e0 domicile (En compl\u00e9ment) est non valide\"   \/> Non merci, je n&#8217;en ai pas besoin<\/label><\/div>\n<\/div>\r\n\t\r\n\t\r\n<\/div>\n<div id=\"frm_field_90_container\" class=\"frm_form_field form-field  frm_required_field frm_inline_container frm12\">\r\n\t<div  id=\"field_ur8ov4_label\" class=\"frm_primary_label\">\r\n\t\t<span class=\"frm_required\" aria-hidden=\"true\">*<\/span>\r\n\t<\/div>\r\n\t\n<div class=\"frm_checkbox\" role=\"group\" aria-labelledby=\"frm-gdpr-accept-90\">\n\t<label for=\"frm-gdpr-accept-90\">\n\t\t<input type=\"checkbox\" aria-required=\"true\" name=\"item_meta[90]\" id=\"frm-gdpr-accept-90\" value=\"1\" \n\t\t \t\t data-reqmsg=\"This field ne peut pas \u00eatre vide.\" aria-required=\"true\" data-invmsg=\"This field is invalid\" aria-invalid=\"false\"  \t\t\/>\n\t\tJe consens \u00e0 ce que ce site web stocke les informations que j&#8217;ai fournies afin de pouvoir r\u00e9pondre \u00e0 ma demande.\t<\/label>\n<\/div>\n\r\n\t\r\n\t\r\n<\/div>\n<div id=\"frm_field_91_container\" class=\"frm_form_field form-field \">\r\n\t<div class=\"frm_submit frm_flex\">\r\n<button class=\"frm_button_submit\" type=\"submit\"  >Je r\u00e9serve ma location \ud83e\udde1<\/button>\r\n\r\n\r\n\r\n<\/div>\r\n<\/div>\n\t<input type=\"hidden\" name=\"item_key\" value=\"\" \/>\n\t\t\t<div id=\"frm_field_103_container\">\n\t\t\t<label for=\"field_15g01\" >\n\t\t\t\tIf you are human, leave this field blank.\t\t\t<\/label>\n\t\t\t<input  id=\"field_15g01\" type=\"text\" class=\"frm_form_field form-field frm_verify\" name=\"item_meta[103]\" value=\"\"  \/>\n\t\t<\/div>\n\t\t<input name=\"frm_state\" type=\"hidden\" value=\"Uw1RboV0ldyxTd9CFjbOCnqDKUNp8Euwha5+1TL+qn4=\" \/><\/div>\n<\/fieldset>\n<\/div>\n\n<p style=\"display: none !important;\" class=\"akismet-fields-container\" data-prefix=\"ak_\"><label>&#916;<textarea name=\"ak_hp_textarea\" cols=\"45\" rows=\"8\" maxlength=\"100\"><\/textarea><\/label><input type=\"hidden\" id=\"ak_js_1\" name=\"ak_js\" value=\"126\"\/><script>document.getElementById( \"ak_js_1\" ).setAttribute( \"value\", ( new Date() ).getTime() );<\/script><\/p><\/form>\n<\/div>\n","protected":false},"excerpt":{"rendered":"<p>Apportez une touche po\u00e9tique et spectaculaire \u00e0 votre \u00e9v\u00e9nement avec notre balan\u00e7oire d\u00e9corative \u00e0 louer en \u00cele-de-France, id\u00e9ale pour cr\u00e9er un espace photo \u00e9l\u00e9gant et original lors de vos r\u00e9ceptions. Tr\u00e8s appr\u00e9ci\u00e9e pour les anniversaires, baby showers, bapt\u00eames, mariages ou \u00e9v\u00e9nements priv\u00e9s, la balan\u00e7oire devient rapidement un \u00e9l\u00e9ment central de votre d\u00e9coration \u00e9v\u00e9nementielle. Install\u00e9e au c\u0153ur de votre sc\u00e9nographie, elle attire naturellement les invit\u00e9s et offre un d\u00e9cor photo unique et m\u00e9morable. Parfaite pour compl\u00e9ter une d\u00e9coration florale, un espace photobooth ou une sc\u00e9nographie \u00e9v\u00e9nementielle, notre balan\u00e7oire s\u2019int\u00e8gre facilement dans diff\u00e9rents univers d\u00e9coratifs : boh\u00e8me, chic, romantique ou moderne. \ud83d\udccd&#8230; <\/p>\n","protected":false},"author":1,"featured_media":3526,"parent":3432,"menu_order":0,"comment_status":"closed","ping_status":"closed","template":"template-no-sidebar.php","meta":{"_eb_attr":"","_monsterinsights_skip_tracking":false,"_monsterinsights_sitenote_active":false,"_monsterinsights_sitenote_note":"","_monsterinsights_sitenote_category":0,"footnotes":""},"class_list":["post-3497","page","type-page","status-publish","has-post-thumbnail","hentry"],"aioseo_notices":[],"_links":{"self":[{"href":"https:\/\/marouflette.fr\/en\/wp-json\/wp\/v2\/pages\/3497","targetHints":{"allow":["GET"]}}],"collection":[{"href":"https:\/\/marouflette.fr\/en\/wp-json\/wp\/v2\/pages"}],"about":[{"href":"https:\/\/marouflette.fr\/en\/wp-json\/wp\/v2\/types\/page"}],"author":[{"embeddable":true,"href":"https:\/\/marouflette.fr\/en\/wp-json\/wp\/v2\/users\/1"}],"replies":[{"embeddable":true,"href":"https:\/\/marouflette.fr\/en\/wp-json\/wp\/v2\/comments?post=3497"}],"version-history":[{"count":8,"href":"https:\/\/marouflette.fr\/en\/wp-json\/wp\/v2\/pages\/3497\/revisions"}],"predecessor-version":[{"id":3537,"href":"https:\/\/marouflette.fr\/en\/wp-json\/wp\/v2\/pages\/3497\/revisions\/3537"}],"up":[{"embeddable":true,"href":"https:\/\/marouflette.fr\/en\/wp-json\/wp\/v2\/pages\/3432"}],"wp:featuredmedia":[{"embeddable":true,"href":"https:\/\/marouflette.fr\/en\/wp-json\/wp\/v2\/media\/3526"}],"wp:attachment":[{"href":"https:\/\/marouflette.fr\/en\/wp-json\/wp\/v2\/media?parent=3497"}],"curies":[{"name":"wp","href":"https:\/\/api.w.org\/{rel}","templated":true}]}}