{"id":732,"date":"2018-09-30T10:13:44","date_gmt":"2018-09-30T10:13:44","guid":{"rendered":"http:\/\/localhost\/www\/Mythemes\/modeling\/?page_id=732"},"modified":"2025-05-22T16:31:12","modified_gmt":"2025-05-22T14:31:12","slug":"contact","status":"publish","type":"page","link":"https:\/\/marouflette.fr\/en\/contact\/","title":{"rendered":"Contact"},"content":{"rendered":"\n<h2 class=\"wp-block-heading\">Un \u00e9v\u00e9nement \u00e0 venir ? Une id\u00e9e qui p\u00e9tille ?<\/h2>\n\n\n\n<p>Parlons-en ensemble ! Que ce soit pour une d\u00e9coration sur-mesure, une animation cr\u00e9ative ou un univers enti\u00e8rement personnalis\u00e9, je suis l\u00e0 pour donner vie \u00e0 vos plus belles envies. Bas\u00e9e en \u00cele-de-France, je vous accompagne pour tous vos projets \u00e9v\u00e9nementiels : anniversaires, baby showers, mariages, \u00e9v\u00e9nements professionnels ou familiaux.<\/p>\n\n\n\n<p><strong>Et si on \u00e9crivait ensemble votre prochain souvenir ? Remplissez le formulaire ci-dessous, <\/strong><br><strong>et laissez la magie Marouflette op\u00e9rer\u2026 \ud83e\udde1 <\/strong><br><\/p>\n\n\n<div class=\"frm_forms  with_frm_style frm_style_style-formidable\" id=\"frm_form_3_container\" data-token=\"8852ae6cf8c2f1e16a3e2974a631d61b\">\n<form enctype=\"multipart\/form-data\" method=\"post\" class=\"frm-show-form \" id=\"form_contact-us\" data-token=\"8852ae6cf8c2f1e16a3e2974a631d61b\">\n<div class=\"frm_form_fields \">\n<fieldset>\n<legend class=\"frm_screen_reader\">Contact<\/legend>\r\n\r\n<div class=\"frm_fields_container\">\n<input type=\"hidden\" name=\"frm_action\" value=\"create\" \/>\n<input type=\"hidden\" name=\"form_id\" value=\"3\" \/>\n<input type=\"hidden\" name=\"frm_hide_fields_3\" id=\"frm_hide_fields_3\" value=\"\" \/>\n<input type=\"hidden\" name=\"form_key\" value=\"contact-us\" \/>\n<input type=\"hidden\" name=\"item_meta[0]\" value=\"\" \/>\n<input type=\"hidden\" id=\"frm_submit_entry_3\" name=\"frm_submit_entry_3\" value=\"102b6719bf\" \/><input type=\"hidden\" name=\"_wp_http_referer\" value=\"\/en\/wp-json\/wp\/v2\/pages\/732\" \/><div id=\"frm_field_30_container\" class=\"frm_form_field form-field  frm_required_field frm_top_container frm6 frm_first\">\r\n    <label for=\"field_fp8s5\" class=\"frm_primary_label\">Nom\r\n        <span class=\"frm_required\">*<\/span>\r\n    <\/label>\r\n    <input type=\"text\" id=\"field_fp8s5\" name=\"item_meta[30]\" value=\"\"  data-reqmsg=\"Nom cannot be blank.\" aria-required=\"true\" data-invmsg=\"Nom est non valide\" aria-invalid=\"false\"  \/>\r\n    \r\n    \r\n<\/div>\n<div id=\"frm_field_24_container\" class=\"frm_form_field form-field  frm_required_field frm_top_container frm6\">\r\n    <label for=\"field_qh4icy2\" class=\"frm_primary_label\">Pr\u00e9nom\r\n        <span class=\"frm_required\">*<\/span>\r\n    <\/label>\r\n    <input type=\"text\" id=\"field_qh4icy2\" name=\"item_meta[24]\" value=\"\"  data-reqmsg=\"Pr\u00e9nom cannot be blank.\" aria-required=\"true\" data-invmsg=\"Pr\u00e9nom est non valide\" aria-invalid=\"false\"  \/>\r\n    \r\n    \r\n<\/div>\n<div id=\"frm_field_26_container\" class=\"frm_form_field form-field  frm_required_field frm_top_container frm_full\">\r\n    <label for=\"field_29yf4d2\" class=\"frm_primary_label\">Email\r\n        <span class=\"frm_required\">*<\/span>\r\n    <\/label>\r\n    <input type=\"email\" id=\"field_29yf4d2\" name=\"item_meta[26]\" value=\"\"  data-reqmsg=\"Email cannot be blank.\" aria-required=\"true\" data-invmsg=\"Please enter a valid email address\" aria-invalid=\"false\"  \/>\r\n    \r\n    \r\n<\/div>\n<div id=\"frm_field_27_container\" class=\"frm_form_field form-field  frm_required_field frm_top_container frm_full\">\r\n    <label for=\"field_e6lis62\" class=\"frm_primary_label\">Objet\r\n        <span class=\"frm_required\">*<\/span>\r\n    <\/label>\r\n    <input type=\"text\" id=\"field_e6lis62\" name=\"item_meta[27]\" value=\"\"  data-reqmsg=\"Objet cannot be blank.\" aria-required=\"true\" data-invmsg=\"Objet est non valide\" aria-invalid=\"false\"  \/>\r\n    \r\n    \r\n<\/div>\n<div id=\"frm_field_28_container\" class=\"frm_form_field form-field  frm_required_field frm_top_container frm_full\">\r\n    <label for=\"field_9jv0r12\" class=\"frm_primary_label\">Message\r\n        <span class=\"frm_required\">*<\/span>\r\n    <\/label>\r\n    <textarea name=\"item_meta[28]\" id=\"field_9jv0r12\" rows=\"5\"  data-reqmsg=\"Message cannot be blank.\" aria-required=\"true\" data-invmsg=\"Message is invalid\" aria-invalid=\"false\"  ><\/textarea>\r\n    \r\n    \r\n<\/div>\n<div id=\"frm_field_29_container\" class=\"frm_form_field form-field \">\r\n\t<div class=\"frm_submit\">\r\n\r\n<button class=\"frm_button_submit\" type=\"submit\" >Envoyer un message \u00e0 Marouflette \ud83e\udde1<\/button>\r\n\r\n<\/div>\r\n<\/div>\n\t<input type=\"hidden\" name=\"item_key\" value=\"\" \/>\n\t\t\t<div id=\"frm_field_103_container\">\n\t\t\t<label for=\"field_tngfd\" >\n\t\t\t\tIf you are human, leave this field blank.\t\t\t<\/label>\n\t\t\t<input  id=\"field_tngfd\" type=\"text\" class=\"frm_form_field form-field frm_verify\" name=\"item_meta[103]\" value=\"\"  \/>\n\t\t<\/div>\n\t\t<input name=\"frm_state\" type=\"hidden\" value=\"Uw1RboV0ldyxTd9CFjbOCnqDKUNp8Euwha5+1TL+qn4=\" \/><\/div>\n<\/fieldset>\n<\/div>\n\n<p style=\"display: none !important;\" class=\"akismet-fields-container\" data-prefix=\"ak_\"><label>&#916;<textarea name=\"ak_hp_textarea\" cols=\"45\" rows=\"8\" maxlength=\"100\"><\/textarea><\/label><input type=\"hidden\" id=\"ak_js_1\" name=\"ak_js\" value=\"44\"\/><script>document.getElementById( \"ak_js_1\" ).setAttribute( \"value\", ( new Date() ).getTime() );<\/script><\/p><\/form>\n<\/div>\n\n\n\n\n<p><\/p>\n","protected":false},"excerpt":{"rendered":"<p>Un \u00e9v\u00e9nement \u00e0 venir ? Une id\u00e9e qui p\u00e9tille ? Parlons-en ensemble ! Que ce soit pour une d\u00e9coration sur-mesure, une animation cr\u00e9ative ou un univers enti\u00e8rement personnalis\u00e9, je suis l\u00e0 pour donner vie \u00e0 vos plus belles envies. Bas\u00e9e en \u00cele-de-France, je vous accompagne pour tous vos projets \u00e9v\u00e9nementiels : anniversaires, baby showers, mariages, \u00e9v\u00e9nements professionnels ou familiaux. Et si on \u00e9crivait ensemble votre prochain souvenir ? Remplissez le formulaire ci-dessous, et laissez la magie Marouflette op\u00e9rer\u2026 \ud83e\udde1<\/p>\n","protected":false},"author":1,"featured_media":0,"parent":0,"menu_order":0,"comment_status":"closed","ping_status":"closed","template":"","meta":{"_eb_attr":"","_monsterinsights_skip_tracking":false,"_monsterinsights_sitenote_active":false,"_monsterinsights_sitenote_note":"","_monsterinsights_sitenote_category":0,"footnotes":""},"class_list":["post-732","page","type-page","status-publish","hentry"],"aioseo_notices":[],"_links":{"self":[{"href":"https:\/\/marouflette.fr\/en\/wp-json\/wp\/v2\/pages\/732","targetHints":{"allow":["GET"]}}],"collection":[{"href":"https:\/\/marouflette.fr\/en\/wp-json\/wp\/v2\/pages"}],"about":[{"href":"https:\/\/marouflette.fr\/en\/wp-json\/wp\/v2\/types\/page"}],"author":[{"embeddable":true,"href":"https:\/\/marouflette.fr\/en\/wp-json\/wp\/v2\/users\/1"}],"replies":[{"embeddable":true,"href":"https:\/\/marouflette.fr\/en\/wp-json\/wp\/v2\/comments?post=732"}],"version-history":[{"count":16,"href":"https:\/\/marouflette.fr\/en\/wp-json\/wp\/v2\/pages\/732\/revisions"}],"predecessor-version":[{"id":3039,"href":"https:\/\/marouflette.fr\/en\/wp-json\/wp\/v2\/pages\/732\/revisions\/3039"}],"wp:attachment":[{"href":"https:\/\/marouflette.fr\/en\/wp-json\/wp\/v2\/media?parent=732"}],"curies":[{"name":"wp","href":"https:\/\/api.w.org\/{rel}","templated":true}]}}