{"id":790,"date":"2018-10-03T11:46:31","date_gmt":"2018-10-03T11:46:31","guid":{"rendered":"http:\/\/localhost\/www\/Mythemes\/modeling\/?page_id=790"},"modified":"2025-05-29T12:56:59","modified_gmt":"2025-05-29T10:56:59","slug":"about-us","status":"publish","type":"page","link":"https:\/\/marouflette.fr\/en\/about-us\/","title":{"rendered":"A propos"},"content":{"rendered":"\n<div class=\"wp-block-media-text is-stacked-on-mobile\"><figure class=\"wp-block-media-text__media\"><img fetchpriority=\"high\" decoding=\"async\" width=\"837\" height=\"1024\" src=\"https:\/\/marouflette.fr\/wp-content\/uploads\/2025\/05\/IMG_5564-scaled-e1747929642248-837x1024.png\" alt=\"\" class=\"wp-image-3052 size-full\" srcset=\"https:\/\/marouflette.fr\/wp-content\/uploads\/2025\/05\/IMG_5564-scaled-e1747929642248-837x1024.png 837w, https:\/\/marouflette.fr\/wp-content\/uploads\/2025\/05\/IMG_5564-scaled-e1747929642248-245x300.png 245w, https:\/\/marouflette.fr\/wp-content\/uploads\/2025\/05\/IMG_5564-scaled-e1747929642248-768x940.png 768w, https:\/\/marouflette.fr\/wp-content\/uploads\/2025\/05\/IMG_5564-scaled-e1747929642248-600x734.png 600w, https:\/\/marouflette.fr\/wp-content\/uploads\/2025\/05\/IMG_5564-scaled-e1747929642248.png 1182w\" sizes=\"(max-width: 837px) 100vw, 837px\" \/><\/figure><div class=\"wp-block-media-text__content\">\n<p>Hello, moi c\u2019est St\u00e9phanie\u2026 mais on m\u2019appelle aussi <strong>Marouflette<\/strong>.<\/p>\n\n\n\n<p>Je suis <strong>d\u00e9coratrice \u00e9v\u00e9nementielle<\/strong>, passionn\u00e9e de belles choses, de f\u00eates qui rassemblent, et d\u2019\u00e9motions partag\u00e9es.<br><br>Mais surtout, <strong>je suis une grande r\u00eaveuse\u2026 <\/strong>qui a d\u00e9cid\u00e9 de rendre ses r\u00eaves r\u00e9els.<\/p>\n<\/div><\/div>\n\n\n\n<div style=\"height:100px\" aria-hidden=\"true\" class=\"wp-block-spacer\"><\/div>\n\n\n\n<h3 class=\"wp-block-heading has-text-align-center\"><strong>Mon parcours, entre digital et passion<\/strong><\/h3>\n\n\n\n<div style=\"height:27px\" aria-hidden=\"true\" class=\"wp-block-spacer\"><\/div>\n\n\n<div class=\"wp-block-image is-style-default\">\n<figure class=\"aligncenter size-large is-resized\"><img decoding=\"async\" width=\"1024\" height=\"545\" src=\"https:\/\/marouflette.fr\/wp-content\/uploads\/2025\/05\/kernix-1024x545.png\" alt=\"\" class=\"wp-image-2885\" style=\"width:664px;height:auto\" srcset=\"https:\/\/marouflette.fr\/wp-content\/uploads\/2025\/05\/kernix-1024x545.png 1024w, https:\/\/marouflette.fr\/wp-content\/uploads\/2025\/05\/kernix-300x160.png 300w, https:\/\/marouflette.fr\/wp-content\/uploads\/2025\/05\/kernix-768x409.png 768w, https:\/\/marouflette.fr\/wp-content\/uploads\/2025\/05\/kernix-600x319.png 600w, https:\/\/marouflette.fr\/wp-content\/uploads\/2025\/05\/kernix.png 1420w\" sizes=\"(max-width: 1024px) 100vw, 1024px\" \/><\/figure>\n<\/div>\n\n\n<div style=\"height:27px\" aria-hidden=\"true\" class=\"wp-block-spacer\"><\/div>\n\n\n\n<p class=\"has-text-align-center\">J\u2019ai 35 ans, et j\u2019ai longtemps travaill\u00e9 dans le <strong>digital et la gestion de projet web<\/strong>.<br>Dipl\u00f4m\u00e9e de l\u2019IIM (\u00e9cole du multim\u00e9dia), j\u2019ai \u00e9t\u00e9 <strong>cheffe de projet web<\/strong> pendant 6 ans <br>chez <a href=\"https:\/\/www.kernix.com\/\" target=\"_blank\" rel=\"noopener\" title=\"Kernix\">Kernix<\/a>, une super agence de d\u00e9veloppement web. C\u2019est l\u00e0-bas que, petit \u00e0 petit, <br><strong>ma passion pour la d\u00e9coration <\/strong>s&#8217;est confirm\u00e9e ! J\u2019organisais les \u00e9v\u00e9nements internes<br>de l\u2019entreprise. Je d\u00e9corais les bureaux pour No\u00ebl, P\u00e2ques, la Saint-Valentin\u2026 <br><br><strong>Et j\u2019adorais \u00e7a !<\/strong><\/p>\n\n\n\n<div style=\"height:27px\" aria-hidden=\"true\" class=\"wp-block-spacer\"><\/div>\n\n\n\n<div class=\"wp-block-media-text has-media-on-the-right is-stacked-on-mobile\" style=\"grid-template-columns:auto 34%\"><div class=\"wp-block-media-text__content\">\n<h3 class=\"wp-block-heading\">Et Marouflette est n\u00e9e\u2026<\/h3>\n\n\n\n<p>Un jour, en mars 2018, un coll\u00e8gue me lance en rigolant :<\/p>\n\n\n\n<h4 class=\"wp-block-heading\"><em><mark style=\"background-color:rgba(0, 0, 0, 0)\" class=\"has-inline-color has-luminous-vivid-orange-color\">\u201cAllez Marouflette, viens on va manger !\u201d<\/mark><\/em><\/h4>\n\n\n\n<p>Ce surnom me fait sourire, mais surtout\u2026 il me fait <em>tilt<\/em>.<br><strong>Marouflette.<\/strong> Un nom doux, dr\u00f4le, attachant. Le d\u00e9clencheur de mon projet.<\/p>\n\n\n\n<p>Depuis petite, j\u2019ai toujours eu envie de <strong>cr\u00e9er quelque chose \u00e0 moi<\/strong>, de mettre de la magie dans les choses simples, et de surprendre avec des d\u00e9tails qui font \u201cwaaaah\u201d.<\/p>\n<\/div><figure class=\"wp-block-media-text__media\"><img decoding=\"async\" width=\"762\" height=\"1024\" src=\"https:\/\/marouflette.fr\/wp-content\/uploads\/2025\/05\/Idea-marouflette1-e1747214920815-762x1024.png\" alt=\"\" class=\"wp-image-2891 size-large\" srcset=\"https:\/\/marouflette.fr\/wp-content\/uploads\/2025\/05\/Idea-marouflette1-e1747214920815-762x1024.png 762w, https:\/\/marouflette.fr\/wp-content\/uploads\/2025\/05\/Idea-marouflette1-e1747214920815-223x300.png 223w, https:\/\/marouflette.fr\/wp-content\/uploads\/2025\/05\/Idea-marouflette1-e1747214920815-768x1032.png 768w, https:\/\/marouflette.fr\/wp-content\/uploads\/2025\/05\/Idea-marouflette1-e1747214920815-600x807.png 600w, https:\/\/marouflette.fr\/wp-content\/uploads\/2025\/05\/Idea-marouflette1-e1747214920815.png 950w\" sizes=\"(max-width: 762px) 100vw, 762px\" \/><\/figure><\/div>\n\n\n\n<div style=\"height:74px\" aria-hidden=\"true\" class=\"wp-block-spacer\"><\/div>\n\n\n\n<div class=\"wp-block-media-text is-stacked-on-mobile\"><figure class=\"wp-block-media-text__media\"><img loading=\"lazy\" decoding=\"async\" width=\"819\" height=\"1024\" src=\"https:\/\/marouflette.fr\/wp-content\/uploads\/2025\/05\/enfance-819x1024.png\" alt=\"\" class=\"wp-image-2893 size-full\" srcset=\"https:\/\/marouflette.fr\/wp-content\/uploads\/2025\/05\/enfance-819x1024.png 819w, https:\/\/marouflette.fr\/wp-content\/uploads\/2025\/05\/enfance-240x300.png 240w, https:\/\/marouflette.fr\/wp-content\/uploads\/2025\/05\/enfance-768x960.png 768w, https:\/\/marouflette.fr\/wp-content\/uploads\/2025\/05\/enfance-600x750.png 600w, https:\/\/marouflette.fr\/wp-content\/uploads\/2025\/05\/enfance.png 1080w\" sizes=\"(max-width: 819px) 100vw, 819px\" \/><\/figure><div class=\"wp-block-media-text__content\">\n<h3 class=\"wp-block-heading\">Une passion d\u2019enfance<\/h3>\n\n\n\n<p>Quand j\u2019\u00e9tais petite, ce que je pr\u00e9f\u00e9rais ce n\u2019\u00e9tait pas jouer avec les Barbies\u2026 C\u2019\u00e9tait <strong>am\u00e9nager leur maison<\/strong> ! Cr\u00e9er, d\u00e9corer, transformer : d\u00e9j\u00e0, j\u2019adorais faire de chaque endroit un lieu o\u00f9 il fait bon vivre et r\u00eaver.<\/p>\n\n\n\n<p>Avec ma cousine, on construisait des <strong>cabanes<\/strong> dans le jardin de notre grand-p\u00e8re : Abo. De vraies \u201cmaisons\u201d imaginaires avec des coins repas, des coins d\u00e9tente. Un terrain de jeu et de cr\u00e9ativit\u00e9 sans fin !<\/p>\n\n\n\n<p>Et puis il y avait les <strong>grands repas de famille<\/strong>, les tabl\u00e9es bruyantes et joyeuses, les retrouvailles autour de plats portugais et de musique\u2026<br><br>C\u2019est l\u00e0 que j\u2019ai compris que ce que j\u2019aimais, c\u2019\u00e9tait <strong>le lien. Le partage. La f\u00eate.<\/strong><\/p>\n<\/div><\/div>\n\n\n\n<div style=\"height:74px\" aria-hidden=\"true\" class=\"wp-block-spacer\"><\/div>\n\n\n\n<h3 class=\"wp-block-heading\">Une reconversion qui change tout<\/h3>\n\n\n\n<p>Apr\u00e8s la p\u00e9riode du Covid, l\u2019envie devient plus forte. Je quitte mon CDI en 2021 et je d\u00e9cide de me lancer \u00e0 temps plein dans Marouflette. Je me forme :<br>&#8211; <strong>D\u00e9coratrice d\u2019int\u00e9rieur &amp; \u00e9v\u00e9nementiel<\/strong> \u2013 <a href=\"https:\/\/www.centre-europeen-formation.fr\/\" target=\"_blank\" rel=\"noopener\" title=\"Centre Europ\u00e9en de Formation\">Centre Europ\u00e9en de Formation<\/a><br>&#8211; <strong>Balloon designer<\/strong> (niveau 1&amp;2) &#8211; <a href=\"https:\/\/www.mybbshowershop.com\/\" target=\"_blank\" rel=\"noopener\" title=\"Mybabyshowershop\">Mybabyshowershop<\/a><br>&#8211; <strong>Event preneur &amp; masterclass <\/strong>&#8211; <a href=\"https:\/\/dcte-school.com\/\" target=\"_blank\" rel=\"noopener\" title=\"DCTE School\">DCTE School<\/a> pour monter encore plus en gamme !<\/p>\n\n\n\n<p>Et entre chaque \u00e9tape\u2026 je grandis. J\u2019apprends. Je tombe, je me rel\u00e8ve, je m\u2019\u00e9coute, et <strong>je trace doucement mon propre chemin.<\/strong><\/p>\n\n\n\n<figure class=\"wp-block-image size-large\"><img loading=\"lazy\" decoding=\"async\" width=\"1024\" height=\"174\" src=\"https:\/\/marouflette.fr\/wp-content\/uploads\/2025\/05\/baniere-formation-scaled-e1747217932733-1024x174.png\" alt=\"\" class=\"wp-image-2900\" srcset=\"https:\/\/marouflette.fr\/wp-content\/uploads\/2025\/05\/baniere-formation-scaled-e1747217932733-1024x174.png 1024w, https:\/\/marouflette.fr\/wp-content\/uploads\/2025\/05\/baniere-formation-scaled-e1747217932733-300x51.png 300w, https:\/\/marouflette.fr\/wp-content\/uploads\/2025\/05\/baniere-formation-scaled-e1747217932733-768x131.png 768w, https:\/\/marouflette.fr\/wp-content\/uploads\/2025\/05\/baniere-formation-scaled-e1747217932733-1536x261.png 1536w, https:\/\/marouflette.fr\/wp-content\/uploads\/2025\/05\/baniere-formation-scaled-e1747217932733-2048x348.png 2048w, https:\/\/marouflette.fr\/wp-content\/uploads\/2025\/05\/baniere-formation-scaled-e1747217932733-600x102.png 600w\" sizes=\"(max-width: 1024px) 100vw, 1024px\" \/><\/figure>\n\n\n\n<div style=\"height:74px\" aria-hidden=\"true\" class=\"wp-block-spacer\"><\/div>\n\n\n\n<div class=\"wp-block-media-text has-media-on-the-right is-stacked-on-mobile\" style=\"grid-template-columns:auto 30%\"><div class=\"wp-block-media-text__content\">\n<h3 class=\"wp-block-heading\">Aujourd\u2019hui\u2026<\/h3>\n\n\n\n<p class=\"has-text-align-left\">Aujourd\u2019hui, je suis d\u00e9coratrice \u00e9v\u00e9nementielle \u00e0 temps plein. Je cr\u00e9e pour vous des \u00e9v\u00e9nements <strong>qui vous ressemblent<\/strong>, pens\u00e9s dans les moindres d\u00e9tails, toujours avec une <strong>touche d\u2019originalit\u00e9, de douceur et de magie<\/strong>. <br><br>Pourquoi ? Parce que <strong>j\u2019ai envie de transmettre du bonheur.<\/strong> Vous faire r\u00eaver. Vous faire dire <em>waouh<\/em> !<\/p>\n<\/div><figure class=\"wp-block-media-text__media\"><img loading=\"lazy\" decoding=\"async\" width=\"500\" height=\"500\" src=\"https:\/\/marouflette.fr\/wp-content\/uploads\/2025\/05\/Logo-Marouflette-.zip-3.png\" alt=\"\" class=\"wp-image-2899 size-full\" srcset=\"https:\/\/marouflette.fr\/wp-content\/uploads\/2025\/05\/Logo-Marouflette-.zip-3.png 500w, https:\/\/marouflette.fr\/wp-content\/uploads\/2025\/05\/Logo-Marouflette-.zip-3-300x300.png 300w, https:\/\/marouflette.fr\/wp-content\/uploads\/2025\/05\/Logo-Marouflette-.zip-3-150x150.png 150w, https:\/\/marouflette.fr\/wp-content\/uploads\/2025\/05\/Logo-Marouflette-.zip-3-100x100.png 100w\" sizes=\"(max-width: 500px) 100vw, 500px\" \/><\/figure><\/div>\n\n\n\n<div style=\"height:97px\" aria-hidden=\"true\" class=\"wp-block-spacer\"><\/div>\n\n\n\n<h2 class=\"wp-block-heading has-text-align-center\">Pour en savoir plus ou travailler ensemble&#8230;<\/h2>\n\n\n\n<p class=\"has-text-align-center\">Et si Marouflette vous fait d\u00e9j\u00e0 sourire, alors vous \u00eates au bon endroit \ud83e\udde1<\/p>\n\n\n\n<div class=\"wp-block-columns is-layout-flex wp-container-core-columns-is-layout-9d6595d7 wp-block-columns-is-layout-flex\">\n<div class=\"wp-block-column is-layout-flow wp-block-column-is-layout-flow\" style=\"flex-basis:100%\">\n<div class=\"wp-block-essential-blocks-dual-button  root-eb-button-group-8ub4e\"><div class=\"eb-parent-wrapper eb-parent-eb-button-group-8ub4e \"><div class=\"eb-button-group-wrapper eb-button-group-8ub4e button-1\" data-id=\"eb-button-group-8ub4e\"><div class=\"eb-button-inner-wrapper \"><a class=\"eb-button-anchor eb-button-one\" href=\"https:\/\/marouflette.fr\/nos-offres\" rel=\"noopener\"><div class=\"eb-button-text eb-button-one-text\">Nos prestations<\/div><\/a><\/div><div class=\"eb-button-group__midldeInner\"><span>OU<\/span><\/div><div class=\"eb-button-inner-wrapper \"><a class=\"eb-button-anchor eb-button-two\" href=\"https:\/\/marouflette.fr\/contact\/\" rel=\"noopener\"><div class=\"eb-button-text eb-button-two-text\">Contactez-nous !<\/div><\/a><\/div><\/div><\/div><\/div>\n<\/div>\n<\/div>\n","protected":false},"excerpt":{"rendered":"<p>Hello, moi c\u2019est St\u00e9phanie\u2026 mais on m\u2019appelle aussi Marouflette. Je suis d\u00e9coratrice \u00e9v\u00e9nementielle, passionn\u00e9e de belles choses, de f\u00eates qui rassemblent, et d\u2019\u00e9motions partag\u00e9es. Mais surtout, je suis une grande r\u00eaveuse\u2026 qui a d\u00e9cid\u00e9 de rendre ses r\u00eaves r\u00e9els. Mon parcours, entre digital et passion J\u2019ai 35 ans, et j\u2019ai longtemps travaill\u00e9 dans le digital et la gestion de projet web.Dipl\u00f4m\u00e9e de l\u2019IIM (\u00e9cole du multim\u00e9dia), j\u2019ai \u00e9t\u00e9 cheffe de projet web pendant 6 ans chez Kernix, une super agence de d\u00e9veloppement web. C\u2019est l\u00e0-bas que, petit \u00e0 petit, ma passion pour la d\u00e9coration s&#8217;est confirm\u00e9e ! J\u2019organisais les \u00e9v\u00e9nements&#8230; <\/p>\n","protected":false},"author":1,"featured_media":0,"parent":0,"menu_order":0,"comment_status":"closed","ping_status":"closed","template":"template-no-sidebar.php","meta":{"_eb_attr":"","_monsterinsights_skip_tracking":false,"_monsterinsights_sitenote_active":false,"_monsterinsights_sitenote_note":"","_monsterinsights_sitenote_category":0,"footnotes":""},"class_list":["post-790","page","type-page","status-publish","hentry"],"aioseo_notices":[],"_links":{"self":[{"href":"https:\/\/marouflette.fr\/en\/wp-json\/wp\/v2\/pages\/790","targetHints":{"allow":["GET"]}}],"collection":[{"href":"https:\/\/marouflette.fr\/en\/wp-json\/wp\/v2\/pages"}],"about":[{"href":"https:\/\/marouflette.fr\/en\/wp-json\/wp\/v2\/types\/page"}],"author":[{"embeddable":true,"href":"https:\/\/marouflette.fr\/en\/wp-json\/wp\/v2\/users\/1"}],"replies":[{"embeddable":true,"href":"https:\/\/marouflette.fr\/en\/wp-json\/wp\/v2\/comments?post=790"}],"version-history":[{"count":20,"href":"https:\/\/marouflette.fr\/en\/wp-json\/wp\/v2\/pages\/790\/revisions"}],"predecessor-version":[{"id":3132,"href":"https:\/\/marouflette.fr\/en\/wp-json\/wp\/v2\/pages\/790\/revisions\/3132"}],"wp:attachment":[{"href":"https:\/\/marouflette.fr\/en\/wp-json\/wp\/v2\/media?parent=790"}],"curies":[{"name":"wp","href":"https:\/\/api.w.org\/{rel}","templated":true}]}}